{"id":25632,"date":"2018-08-08T11:01:11","date_gmt":"2018-08-08T09:01:11","guid":{"rendered":"https:\/\/www.arcidiacono-consulting.ch\/leistungen\/"},"modified":"2019-04-23T17:11:42","modified_gmt":"2019-04-23T15:11:42","slug":"leistungen","status":"publish","type":"page","link":"https:\/\/www.arcidiacono-consulting.ch\/fr\/leistungen\/","title":{"rendered":"Services"},"content":{"rendered":"<div class=\"wpb-content-wrapper\"><p>[vc_row css_animation=\u00a0\u00bb\u00a0\u00bb row_type=\u00a0\u00bbrow\u00a0\u00bb use_row_as_full_screen_section=\u00a0\u00bbno\u00a0\u00bb type=\u00a0\u00bbfull_width\u00a0\u00bb angled_section=\u00a0\u00bbno\u00a0\u00bb text_align=\u00a0\u00bbleft\u00a0\u00bb background_image_as_pattern=\u00a0\u00bbwithout_pattern\u00a0\u00bb][vc_column width=\u00a0\u00bb2\/3&Prime;][vc_column_text]<\/p>\n<h2>Plurilingue &#8211; engag\u00e9e &#8211; orient\u00e9e vers les solutions<\/h2>\n<p>La coexistence de groupes de population d&rsquo;origines culturelles et linguistiques diff\u00e9rentes est l&rsquo;une des particularit\u00e9s de la Suisse. Pour communiquer efficacement entre les diff\u00e9rentes r\u00e9gions du pays, il est essentiel de conna\u00eetre les nombreuses mentalit\u00e9s et cultures.<\/p>\n<p>L&rsquo;agence de communication plurilingue Arcidiacono Consulting Partners est le r\u00e9sultat d&rsquo;une double volont\u00e9 : renforcer les relations entre la Berne f\u00e9d\u00e9rale et la Suisse italienne et am\u00e9liorer la compr\u00e9hension entre la Suisse et l&rsquo;Italie.<\/p>\n<p>Arcidiacono Consulting Partners accompagne, conseille et soutient les collectivit\u00e9s publiques, associations et entreprises dans leurs activit\u00e9s de communication et de relations publiques de la Suisse italienne \u00e0 Berne et de Berne \u00e0 la Suisse italienne.<\/p>\n<p>&nbsp;[\/vc_column_text][\/vc_column][vc_column width=\u00a0\u00bb1\/3&Prime;][vc_single_image image=\u00a0\u00bb26910&Prime; img_size=\u00a0\u00bbfull\u00a0\u00bb qode_css_animation=\u00a0\u00bb\u00a0\u00bb][vc_empty_space][\/vc_column][\/vc_row][vc_row css_animation=\u00a0\u00bb\u00a0\u00bb row_type=\u00a0\u00bbrow\u00a0\u00bb use_row_as_full_screen_section=\u00a0\u00bbno\u00a0\u00bb type=\u00a0\u00bbfull_width\u00a0\u00bb angled_section=\u00a0\u00bbno\u00a0\u00bb text_align=\u00a0\u00bbleft\u00a0\u00bb background_image_as_pattern=\u00a0\u00bbwithout_pattern\u00a0\u00bb][vc_column][vc_empty_space][\/vc_column][\/vc_row][vc_row css_animation=\u00a0\u00bb\u00a0\u00bb row_type=\u00a0\u00bbrow\u00a0\u00bb use_row_as_full_screen_section=\u00a0\u00bbno\u00a0\u00bb type=\u00a0\u00bbfull_width\u00a0\u00bb angled_section=\u00a0\u00bbno\u00a0\u00bb text_align=\u00a0\u00bbleft\u00a0\u00bb background_image_as_pattern=\u00a0\u00bbwithout_pattern\u00a0\u00bb z_index=\u00a0\u00bb\u00a0\u00bb][vc_column width=\u00a0\u00bb2\/3&Prime; css=\u00a0\u00bb.vc_custom_1551360896996{margin-right: 0px !important;margin-left: 0px !important;}\u00a0\u00bb][vc_column_text css=\u00a0\u00bb.vc_custom_1553339768138{margin-right: 0px !important;margin-left: 0px !important;}\u00a0\u00bb]<\/p>\n<h2>Communication strat\u00e9gique<\/h2>\n<ul>\n<li>Analyse des points forts et des points faibles: analyse des chances et des risques (SWOT)<\/li>\n<li>D\u00e9veloppement et r\u00e9alisation de concepts de communication<\/li>\n<li>Cr\u00e9ation et d\u00e9veloppement de services de communication et m\u00e9dias<\/li>\n<li>Planification et gestion de projets de communication dans plusieurs domaines\u00a0: formation et recherche, sant\u00e9, assurances sociales, \u00e9conomie, finance, diplomatie publique<\/li>\n<li>Planification et r\u00e9alisation de campagnes \u00e9lectorales et de votations<\/li>\n<\/ul>\n<p>[\/vc_column_text][vc_empty_space][\/vc_column][vc_column width=\u00a0\u00bb1\/3&Prime;][vc_single_image image=\u00a0\u00bb25760&Prime; img_size=\u00a0\u00bbfull\u00a0\u00bb qode_css_animation=\u00a0\u00bb\u00a0\u00bb][vc_empty_space][\/vc_column][\/vc_row][vc_row css_animation=\u00a0\u00bb\u00a0\u00bb row_type=\u00a0\u00bbrow\u00a0\u00bb use_row_as_full_screen_section=\u00a0\u00bbno\u00a0\u00bb type=\u00a0\u00bbgrid\u00a0\u00bb angled_section=\u00a0\u00bbno\u00a0\u00bb text_align=\u00a0\u00bbleft\u00a0\u00bb background_image_as_pattern=\u00a0\u00bbwithout_pattern\u00a0\u00bb z_index=\u00a0\u00bb\u00a0\u00bb][vc_column width=\u00a0\u00bb2\/3&Prime; css=\u00a0\u00bb.vc_custom_1533911154321{background-position: center !important;background-repeat: no-repeat !important;background-size: cover !important;}\u00a0\u00bb el_class=\u00a0\u00bbtext_inhalt_padding\u00a0\u00bb][vc_column_text]<\/p>\n<h2>Communication op\u00e9rationnelle<\/h2>\n<ul>\n<li>D\u00e9veloppement et r\u00e9alisation de plans de communication: objectifs, activit\u00e9s, instruments, ressources et monitorage<\/li>\n<li>Planification et organisation de conf\u00e9rences de presse<\/li>\n<li>Gestion temporaire du service de communication en cas de p\u00e9nurie de personnel<\/li>\n<li>Productions de contenus: discours, infographies, vid\u00e9os explicatifs, feuilles d\u2019informations, communiqu\u00e9 de presse<\/li>\n<li>Planification et organisation d\u2019\u00e9v\u00e9nements<\/li>\n<\/ul>\n<p>[\/vc_column_text][vc_empty_space][\/vc_column][vc_column width=\u00a0\u00bb1\/3&Prime;][vc_single_image image=\u00a0\u00bb26658&Prime; img_size=\u00a0\u00bbfull\u00a0\u00bb qode_css_animation=\u00a0\u00bb\u00a0\u00bb][vc_empty_space][\/vc_column][\/vc_row][vc_row css_animation=\u00a0\u00bb\u00a0\u00bb row_type=\u00a0\u00bbrow\u00a0\u00bb use_row_as_full_screen_section=\u00a0\u00bbno\u00a0\u00bb type=\u00a0\u00bbgrid\u00a0\u00bb angled_section=\u00a0\u00bbno\u00a0\u00bb text_align=\u00a0\u00bbleft\u00a0\u00bb background_image_as_pattern=\u00a0\u00bbwithout_pattern\u00a0\u00bb z_index=\u00a0\u00bb\u00a0\u00bb][vc_column width=\u00a0\u00bb2\/3&Prime; css=\u00a0\u00bb.vc_custom_1533911154321{background-position: center !important;background-repeat: no-repeat !important;background-size: cover !important;}\u00a0\u00bb el_class=\u00a0\u00bbtext_inhalt_padding\u00a0\u00bb][vc_column_text]<\/p>\n<h2>Conseil et coaching<\/h2>\n<ul>\n<li>Communication politique dans l\u2019\u00e8re de la transformation digitale<\/li>\n<li>Parler en public avec s\u00e9curit\u00e9 et plaisir<\/li>\n<li>L\u2019art de s\u2019exprimer d\u2019une fa\u00e7on simple, concise et compr\u00e9hensible<\/li>\n<li>Facilitateur et cr\u00e9ateur de contacts en politique, \u00e9conomie, recherche, innovation et m\u00e9dias entre la Suisse et l\u2019Italie<\/li>\n<li>L\u2019art du r\u00e9cit musical \u2013 Musical Story Telling<\/li>\n<\/ul>\n<p>[\/vc_column_text][vc_empty_space][\/vc_column][vc_column width=\u00a0\u00bb1\/3&Prime;][vc_single_image image=\u00a0\u00bb25764&Prime; img_size=\u00a0\u00bbfull\u00a0\u00bb qode_css_animation=\u00a0\u00bb\u00a0\u00bb][vc_empty_space][\/vc_column][\/vc_row][vc_row css_animation=\u00a0\u00bb\u00a0\u00bb row_type=\u00a0\u00bbrow\u00a0\u00bb use_row_as_full_screen_section=\u00a0\u00bbno\u00a0\u00bb type=\u00a0\u00bbfull_width\u00a0\u00bb angled_section=\u00a0\u00bbno\u00a0\u00bb text_align=\u00a0\u00bbleft\u00a0\u00bb background_image_as_pattern=\u00a0\u00bbwithout_pattern\u00a0\u00bb z_index=\u00a0\u00bb\u00a0\u00bb][vc_column][vc_empty_space height=\u00a0\u00bb64px\u00a0\u00bb][\/vc_column][\/vc_row]<\/p>\n<\/div>","protected":false},"excerpt":{"rendered":"<p>[vc_row css_animation=\u00a0\u00bb\u00a0\u00bb row_type=\u00a0\u00bbrow\u00a0\u00bb use_row_as_full_screen_section=\u00a0\u00bbno\u00a0\u00bb type=\u00a0\u00bbfull_width\u00a0\u00bb angled_section=\u00a0\u00bbno\u00a0\u00bb text_align=\u00a0\u00bbleft\u00a0\u00bb background_image_as_pattern=\u00a0\u00bbwithout_pattern\u00a0\u00bb][vc_column width=\u00a0\u00bb2\/3&Prime;][vc_column_text] Plurilingue &#8211; engag\u00e9e &#8211; orient\u00e9e vers les solutions La coexistence de groupes de population d&rsquo;origines culturelles et linguistiques diff\u00e9rentes est l&rsquo;une des particularit\u00e9s de la Suisse. Pour communiquer efficacement entre les diff\u00e9rentes r\u00e9gions du pays, il&#8230;<\/p>\n","protected":false},"author":11,"featured_media":0,"parent":0,"menu_order":0,"comment_status":"closed","ping_status":"closed","template":"","meta":{"footnotes":""},"class_list":["post-25632","page","type-page","status-publish","hentry"],"_links":{"self":[{"href":"https:\/\/www.arcidiacono-consulting.ch\/fr\/wp-json\/wp\/v2\/pages\/25632","targetHints":{"allow":["GET"]}}],"collection":[{"href":"https:\/\/www.arcidiacono-consulting.ch\/fr\/wp-json\/wp\/v2\/pages"}],"about":[{"href":"https:\/\/www.arcidiacono-consulting.ch\/fr\/wp-json\/wp\/v2\/types\/page"}],"author":[{"embeddable":true,"href":"https:\/\/www.arcidiacono-consulting.ch\/fr\/wp-json\/wp\/v2\/users\/11"}],"replies":[{"embeddable":true,"href":"https:\/\/www.arcidiacono-consulting.ch\/fr\/wp-json\/wp\/v2\/comments?post=25632"}],"version-history":[{"count":5,"href":"https:\/\/www.arcidiacono-consulting.ch\/fr\/wp-json\/wp\/v2\/pages\/25632\/revisions"}],"predecessor-version":[{"id":26922,"href":"https:\/\/www.arcidiacono-consulting.ch\/fr\/wp-json\/wp\/v2\/pages\/25632\/revisions\/26922"}],"wp:attachment":[{"href":"https:\/\/www.arcidiacono-consulting.ch\/fr\/wp-json\/wp\/v2\/media?parent=25632"}],"curies":[{"name":"wp","href":"https:\/\/api.w.org\/{rel}","templated":true}]}}