{"id":26466,"date":"2019-03-23T11:56:15","date_gmt":"2019-03-23T10:56:15","guid":{"rendered":"https:\/\/www.arcidiacono-consulting.ch\/clients\/"},"modified":"2025-12-15T13:36:38","modified_gmt":"2025-12-15T12:36:38","slug":"clients","status":"publish","type":"page","link":"https:\/\/www.arcidiacono-consulting.ch\/fr\/clients\/","title":{"rendered":"Clients"},"content":{"rendered":"<div class=\"wpb-content-wrapper\"><p>[vc_row css_animation=\u00a0\u00bb\u00a0\u00bb row_type=\u00a0\u00bbrow\u00a0\u00bb use_row_as_full_screen_section=\u00a0\u00bbno\u00a0\u00bb type=\u00a0\u00bbgrid\u00a0\u00bb angled_section=\u00a0\u00bbno\u00a0\u00bb text_align=\u00a0\u00bbleft\u00a0\u00bb background_image_as_pattern=\u00a0\u00bbwithout_pattern\u00a0\u00bb el_class=\u00a0\u00bbpublikation\u00a0\u00bb z_index=\u00a0\u00bb\u00a0\u00bb][vc_column width=\u00a0\u00bb2\/3&Prime;][vc_column_text css=\u00a0\u00bb\u00a0\u00bb el_class=\u00a0\u00bbcellspacing_pub\u00a0\u00bb]<\/p>\n<table class=\"table_beitraege\" style=\"width: 100%; border-collapse: collapse;\" border=\"0\" cellspacing=\"4%\">\n<tbody>\n<tr>\n<td style=\"width: 16%; text-align: left; vertical-align: middle;\"><a href=\"https:\/\/www.suva.ch\/fr-ch\" target=\"_blank\" rel=\"noopener noreferrer\"><img loading=\"lazy\" decoding=\"async\" class=\"alignnone wp-image-25475 size-full\" src=\"https:\/\/www.arcidiacono-consulting.ch\/wp-content\/uploads\/2019\/01\/img_arcidiacono_button_link.png\" alt=\"\" width=\"158\" height=\"158\" srcset=\"https:\/\/www.arcidiacono-consulting.ch\/wp-content\/uploads\/2019\/01\/img_arcidiacono_button_link.png 158w, https:\/\/www.arcidiacono-consulting.ch\/wp-content\/uploads\/2019\/01\/img_arcidiacono_button_link-150x150.png 150w\" sizes=\"auto, (max-width: 158px) 100vw, 158px\" \/><\/a><\/td>\n<td style=\"width: 84%; text-align: left; vertical-align: middle;\">\n<h2>SUVA, communication de crise, sp\u00e9cialiste de la s\u00e9curit\u00e9 au travail et de la protection de la sant\u00e9 (STPS), Lucerne et Bellinzona<\/h2>\n<\/td>\n<\/tr>\n<\/tbody>\n<\/table>\n<p>[\/vc_column_text][vc_empty_space][\/vc_column][vc_column width=\u00a0\u00bb1\/3&Prime;][vc_single_image image=\u00a0\u00bb29221&Prime; img_size=\u00a0\u00bbfull\u00a0\u00bb css=\u00a0\u00bb\u00a0\u00bb qode_css_animation=\u00a0\u00bb\u00a0\u00bb][vc_empty_space][\/vc_column][\/vc_row][vc_row css_animation=\u00a0\u00bb\u00a0\u00bb row_type=\u00a0\u00bbrow\u00a0\u00bb use_row_as_full_screen_section=\u00a0\u00bbno\u00a0\u00bb type=\u00a0\u00bbgrid\u00a0\u00bb angled_section=\u00a0\u00bbno\u00a0\u00bb text_align=\u00a0\u00bbleft\u00a0\u00bb background_image_as_pattern=\u00a0\u00bbwithout_pattern\u00a0\u00bb el_class=\u00a0\u00bbpublikation\u00a0\u00bb z_index=\u00a0\u00bb\u00a0\u00bb][vc_column width=\u00a0\u00bb2\/3&Prime;][vc_column_text css=\u00a0\u00bb\u00a0\u00bb el_class=\u00a0\u00bbcellspacing_pub\u00a0\u00bb]<\/p>\n<table class=\"table_beitraege\" style=\"width: 100%; border-collapse: collapse;\" border=\"0\" cellspacing=\"4%\">\n<tbody>\n<tr>\n<td style=\"width: 16%; text-align: left; vertical-align: middle;\"><a href=\"https:\/\/www.bag.admin.ch\/fr\" target=\"_blank\" rel=\"noopener noreferrer\"><img loading=\"lazy\" decoding=\"async\" class=\"alignnone wp-image-25475 size-full\" src=\"https:\/\/www.arcidiacono-consulting.ch\/wp-content\/uploads\/2019\/01\/img_arcidiacono_button_link.png\" alt=\"\" width=\"158\" height=\"158\" srcset=\"https:\/\/www.arcidiacono-consulting.ch\/wp-content\/uploads\/2019\/01\/img_arcidiacono_button_link.png 158w, https:\/\/www.arcidiacono-consulting.ch\/wp-content\/uploads\/2019\/01\/img_arcidiacono_button_link-150x150.png 150w\" sizes=\"auto, (max-width: 158px) 100vw, 158px\" \/><\/a><\/td>\n<td style=\"width: 84%; text-align: left; vertical-align: middle;\">\n<h2>Office f\u00e9d\u00e9ral de la sant\u00e9 publique, D\u00e9partement f\u00e9d\u00e9ral de l\u2019int\u00e9rieur, Berne<br \/>\nSp\u00e9cialiste en communication, consultant<\/h2>\n<\/td>\n<\/tr>\n<\/tbody>\n<\/table>\n<p>[\/vc_column_text][vc_empty_space][\/vc_column][vc_column width=\u00a0\u00bb1\/3&Prime;][vc_single_image image=\u00a0\u00bb29231&Prime; img_size=\u00a0\u00bbfull\u00a0\u00bb css=\u00a0\u00bb\u00a0\u00bb qode_css_animation=\u00a0\u00bb\u00a0\u00bb][vc_empty_space][\/vc_column][\/vc_row][vc_row css_animation=\u00a0\u00bb\u00a0\u00bb row_type=\u00a0\u00bbrow\u00a0\u00bb use_row_as_full_screen_section=\u00a0\u00bbno\u00a0\u00bb type=\u00a0\u00bbgrid\u00a0\u00bb angled_section=\u00a0\u00bbno\u00a0\u00bb text_align=\u00a0\u00bbleft\u00a0\u00bb background_image_as_pattern=\u00a0\u00bbwithout_pattern\u00a0\u00bb el_class=\u00a0\u00bbpublikation\u00a0\u00bb z_index=\u00a0\u00bb\u00a0\u00bb][vc_column width=\u00a0\u00bb2\/3&Prime;][vc_column_text css=\u00a0\u00bb\u00a0\u00bb el_class=\u00a0\u00bbcellspacing_pub\u00a0\u00bb]<\/p>\n<table class=\"table_beitraege\" style=\"width: 100%; border-collapse: collapse;\" border=\"0\" cellspacing=\"4%\">\n<tbody>\n<tr>\n<td style=\"width: 16%; text-align: left; vertical-align: middle;\"><a href=\"https:\/\/www.bsv.admin.ch\/fr\/\" target=\"_blank\" rel=\"noopener noreferrer\"><img loading=\"lazy\" decoding=\"async\" class=\"alignnone wp-image-25475 size-full\" src=\"https:\/\/www.arcidiacono-consulting.ch\/wp-content\/uploads\/2019\/01\/img_arcidiacono_button_link.png\" alt=\"\" width=\"158\" height=\"158\" srcset=\"https:\/\/www.arcidiacono-consulting.ch\/wp-content\/uploads\/2019\/01\/img_arcidiacono_button_link.png 158w, https:\/\/www.arcidiacono-consulting.ch\/wp-content\/uploads\/2019\/01\/img_arcidiacono_button_link-150x150.png 150w\" sizes=\"auto, (max-width: 158px) 100vw, 158px\" \/><\/a><\/td>\n<td style=\"width: 84%; text-align: left; vertical-align: middle;\">\n<h2>Office f\u00e9d\u00e9ral des assurances sociales<br \/>\nOrganisation de conf\u00e9rences de presse et workshop pour les m\u00e9dias<\/h2>\n<\/td>\n<\/tr>\n<\/tbody>\n<\/table>\n<p>[\/vc_column_text][vc_empty_space][\/vc_column][vc_column width=\u00a0\u00bb1\/3&Prime;][vc_single_image image=\u00a0\u00bb25743&Prime; img_size=\u00a0\u00bbfull\u00a0\u00bb qode_css_animation=\u00a0\u00bb\u00a0\u00bb][vc_empty_space][\/vc_column][\/vc_row][vc_row css_animation=\u00a0\u00bb\u00a0\u00bb row_type=\u00a0\u00bbrow\u00a0\u00bb use_row_as_full_screen_section=\u00a0\u00bbno\u00a0\u00bb type=\u00a0\u00bbgrid\u00a0\u00bb angled_section=\u00a0\u00bbno\u00a0\u00bb text_align=\u00a0\u00bbleft\u00a0\u00bb background_image_as_pattern=\u00a0\u00bbwithout_pattern\u00a0\u00bb el_class=\u00a0\u00bbpublikation\u00a0\u00bb z_index=\u00a0\u00bb\u00a0\u00bb][vc_column width=\u00a0\u00bb2\/3&Prime;][vc_column_text css=\u00a0\u00bb\u00a0\u00bb el_class=\u00a0\u00bbcellspacing_pub\u00a0\u00bb]<\/p>\n<table class=\"table_beitraege\" style=\"width: 100%; border-collapse: collapse;\" border=\"0\" cellspacing=\"4%\">\n<tbody>\n<tr>\n<td style=\"width: 16%; text-align: left; vertical-align: middle;\"><a href=\"https:\/\/www.bfh.ch\/travail-social\/fr\/ \" target=\"_blank\" rel=\"noopener noreferrer\"><img loading=\"lazy\" decoding=\"async\" class=\"alignnone wp-image-25475 size-full\" src=\"https:\/\/www.arcidiacono-consulting.ch\/wp-content\/uploads\/2019\/01\/img_arcidiacono_button_link.png\" alt=\"\" width=\"158\" height=\"158\" srcset=\"https:\/\/www.arcidiacono-consulting.ch\/wp-content\/uploads\/2019\/01\/img_arcidiacono_button_link.png 158w, https:\/\/www.arcidiacono-consulting.ch\/wp-content\/uploads\/2019\/01\/img_arcidiacono_button_link-150x150.png 150w\" sizes=\"auto, (max-width: 158px) 100vw, 158px\" \/><\/a><\/td>\n<td style=\"width: 84%; text-align: left; vertical-align: middle;\">\n<h2>Haute \u00e9cole professionnelle universitaire, Berne, D\u00e9partement Travail Sociale,<br \/>\nMod\u00e9ration de la conf\u00e9rence sant\u00e9 et pauvret\u00e9<\/h2>\n<\/td>\n<\/tr>\n<\/tbody>\n<\/table>\n<p>[\/vc_column_text][vc_empty_space][\/vc_column][vc_column width=\u00a0\u00bb1\/3&Prime;][vc_single_image image=\u00a0\u00bb25751&Prime; img_size=\u00a0\u00bbfull\u00a0\u00bb css=\u00a0\u00bb\u00a0\u00bb qode_css_animation=\u00a0\u00bb\u00a0\u00bb][vc_empty_space][\/vc_column][\/vc_row][vc_row css_animation=\u00a0\u00bb\u00a0\u00bb row_type=\u00a0\u00bbrow\u00a0\u00bb use_row_as_full_screen_section=\u00a0\u00bbno\u00a0\u00bb type=\u00a0\u00bbgrid\u00a0\u00bb angled_section=\u00a0\u00bbno\u00a0\u00bb text_align=\u00a0\u00bbleft\u00a0\u00bb background_image_as_pattern=\u00a0\u00bbwithout_pattern\u00a0\u00bb el_class=\u00a0\u00bbpublikation\u00a0\u00bb z_index=\u00a0\u00bb\u00a0\u00bb][vc_column width=\u00a0\u00bb2\/3&Prime;][vc_column_text css=\u00a0\u00bb\u00a0\u00bb el_class=\u00a0\u00bbcellspacing_pub\u00a0\u00bb]<\/p>\n<table class=\"table_beitraege\" style=\"width: 100%; border-collapse: collapse;\" border=\"0\" cellspacing=\"4%\">\n<tbody>\n<tr>\n<td style=\"width: 16%; text-align: left; vertical-align: middle;\"><a href=\"https:\/\/luganolivinglab.ch\/it#\" target=\"_blank\" rel=\"noopener noreferrer\"><img loading=\"lazy\" decoding=\"async\" class=\"alignnone wp-image-25475 size-full\" src=\"https:\/\/www.arcidiacono-consulting.ch\/wp-content\/uploads\/2019\/01\/img_arcidiacono_button_link.png\" alt=\"\" width=\"158\" height=\"158\" srcset=\"https:\/\/www.arcidiacono-consulting.ch\/wp-content\/uploads\/2019\/01\/img_arcidiacono_button_link.png 158w, https:\/\/www.arcidiacono-consulting.ch\/wp-content\/uploads\/2019\/01\/img_arcidiacono_button_link-150x150.png 150w\" sizes=\"auto, (max-width: 158px) 100vw, 158px\" \/><\/a><\/td>\n<td style=\"width: 84%; text-align: left; vertical-align: middle;\">\n<h2>Lugano, Lugano Living Lab, mod\u00e9ration de conf\u00e9rences<\/h2>\n<\/td>\n<\/tr>\n<\/tbody>\n<\/table>\n<p>[\/vc_column_text][vc_empty_space][\/vc_column][vc_column width=\u00a0\u00bb1\/3&Prime;][vc_single_image image=\u00a0\u00bb25747&Prime; img_size=\u00a0\u00bbfull\u00a0\u00bb css=\u00a0\u00bb\u00a0\u00bb qode_css_animation=\u00a0\u00bb\u00a0\u00bb][vc_empty_space][\/vc_column][\/vc_row][vc_row css_animation=\u00a0\u00bb\u00a0\u00bb row_type=\u00a0\u00bbrow\u00a0\u00bb use_row_as_full_screen_section=\u00a0\u00bbno\u00a0\u00bb type=\u00a0\u00bbgrid\u00a0\u00bb angled_section=\u00a0\u00bbno\u00a0\u00bb text_align=\u00a0\u00bbleft\u00a0\u00bb background_image_as_pattern=\u00a0\u00bbwithout_pattern\u00a0\u00bb el_class=\u00a0\u00bbpublikation\u00a0\u00bb z_index=\u00a0\u00bb\u00a0\u00bb][vc_column width=\u00a0\u00bb2\/3&Prime;][vc_column_text css=\u00a0\u00bb\u00a0\u00bb el_class=\u00a0\u00bbcellspacing_pub\u00a0\u00bb]<\/p>\n<table class=\"table_beitraege\" style=\"width: 100%; border-collapse: collapse;\" border=\"0\" cellspacing=\"4%\">\n<tbody>\n<tr>\n<td style=\"width: 16%; text-align: left; vertical-align: middle;\"><a href=\"https:\/\/www.cc-ti.ch\" target=\"_blank\" rel=\"noopener noreferrer\"><img loading=\"lazy\" decoding=\"async\" class=\"alignnone wp-image-25475 size-full\" src=\"https:\/\/www.arcidiacono-consulting.ch\/wp-content\/uploads\/2019\/01\/img_arcidiacono_button_link.png\" alt=\"\" width=\"158\" height=\"158\" srcset=\"https:\/\/www.arcidiacono-consulting.ch\/wp-content\/uploads\/2019\/01\/img_arcidiacono_button_link.png 158w, https:\/\/www.arcidiacono-consulting.ch\/wp-content\/uploads\/2019\/01\/img_arcidiacono_button_link-150x150.png 150w\" sizes=\"auto, (max-width: 158px) 100vw, 158px\" \/><\/a><\/td>\n<td style=\"width: 84%; text-align: left; vertical-align: middle;\">\n<h2>Chambre de commerce et de l\u2019industrie du canton du Tessin, Lugano<br \/>\nOrganisation de workshop sur la communication de crise<\/h2>\n<\/td>\n<\/tr>\n<\/tbody>\n<\/table>\n<p>[\/vc_column_text][vc_empty_space][\/vc_column][vc_column width=\u00a0\u00bb1\/3&Prime;][vc_single_image image=\u00a0\u00bb28496&Prime; img_size=\u00a0\u00bbfull\u00a0\u00bb css=\u00a0\u00bb\u00a0\u00bb qode_css_animation=\u00a0\u00bb\u00a0\u00bb][vc_empty_space][\/vc_column][\/vc_row]<\/p>\n<\/div>","protected":false},"excerpt":{"rendered":"<p>[vc_row css_animation=\u00a0\u00bb\u00a0\u00bb row_type=\u00a0\u00bbrow\u00a0\u00bb use_row_as_full_screen_section=\u00a0\u00bbno\u00a0\u00bb type=\u00a0\u00bbgrid\u00a0\u00bb angled_section=\u00a0\u00bbno\u00a0\u00bb text_align=\u00a0\u00bbleft\u00a0\u00bb background_image_as_pattern=\u00a0\u00bbwithout_pattern\u00a0\u00bb el_class=\u00a0\u00bbpublikation\u00a0\u00bb z_index=\u00a0\u00bb\u00a0\u00bb][vc_column width=\u00a0\u00bb2\/3&Prime;][vc_column_text css=\u00a0\u00bb\u00a0\u00bb el_class=\u00a0\u00bbcellspacing_pub\u00a0\u00bb] SUVA, communication de crise, sp\u00e9cialiste de la s\u00e9curit\u00e9 au travail et de la protection de la sant\u00e9 (STPS), Lucerne et Bellinzona [\/vc_column_text][vc_empty_space][\/vc_column][vc_column width=\u00a0\u00bb1\/3&Prime;][vc_single_image image=\u00a0\u00bb29221&Prime; img_size=\u00a0\u00bbfull\u00a0\u00bb css=\u00a0\u00bb\u00a0\u00bb qode_css_animation=\u00a0\u00bb\u00a0\u00bb][vc_empty_space][\/vc_column][\/vc_row][vc_row css_animation=\u00a0\u00bb\u00a0\u00bb row_type=\u00a0\u00bbrow\u00a0\u00bb use_row_as_full_screen_section=\u00a0\u00bbno\u00a0\u00bb type=\u00a0\u00bbgrid\u00a0\u00bb angled_section=\u00a0\u00bbno\u00a0\u00bb&#8230;<\/p>\n","protected":false},"author":11,"featured_media":0,"parent":0,"menu_order":0,"comment_status":"closed","ping_status":"closed","template":"","meta":{"footnotes":""},"class_list":["post-26466","page","type-page","status-publish","hentry"],"_links":{"self":[{"href":"https:\/\/www.arcidiacono-consulting.ch\/fr\/wp-json\/wp\/v2\/pages\/26466","targetHints":{"allow":["GET"]}}],"collection":[{"href":"https:\/\/www.arcidiacono-consulting.ch\/fr\/wp-json\/wp\/v2\/pages"}],"about":[{"href":"https:\/\/www.arcidiacono-consulting.ch\/fr\/wp-json\/wp\/v2\/types\/page"}],"author":[{"embeddable":true,"href":"https:\/\/www.arcidiacono-consulting.ch\/fr\/wp-json\/wp\/v2\/users\/11"}],"replies":[{"embeddable":true,"href":"https:\/\/www.arcidiacono-consulting.ch\/fr\/wp-json\/wp\/v2\/comments?post=26466"}],"version-history":[{"count":14,"href":"https:\/\/www.arcidiacono-consulting.ch\/fr\/wp-json\/wp\/v2\/pages\/26466\/revisions"}],"predecessor-version":[{"id":29418,"href":"https:\/\/www.arcidiacono-consulting.ch\/fr\/wp-json\/wp\/v2\/pages\/26466\/revisions\/29418"}],"wp:attachment":[{"href":"https:\/\/www.arcidiacono-consulting.ch\/fr\/wp-json\/wp\/v2\/media?parent=26466"}],"curies":[{"name":"wp","href":"https:\/\/api.w.org\/{rel}","templated":true}]}}