{"id":26494,"date":"2019-03-25T10:44:29","date_gmt":"2019-03-25T09:44:29","guid":{"rendered":"https:\/\/www.arcidiacono-consulting.ch\/portrait\/"},"modified":"2025-11-04T13:50:15","modified_gmt":"2025-11-04T12:50:15","slug":"portrait","status":"publish","type":"page","link":"https:\/\/www.arcidiacono-consulting.ch\/fr\/portrait\/","title":{"rendered":"Notre profil"},"content":{"rendered":"<div class=\"wpb-content-wrapper\"><p>[vc_row css_animation=\u00a0\u00bb\u00a0\u00bb row_type=\u00a0\u00bbrow\u00a0\u00bb use_row_as_full_screen_section=\u00a0\u00bbno\u00a0\u00bb type=\u00a0\u00bbgrid\u00a0\u00bb angled_section=\u00a0\u00bbno\u00a0\u00bb text_align=\u00a0\u00bbleft\u00a0\u00bb background_image_as_pattern=\u00a0\u00bbwithout_pattern\u00a0\u00bb z_index=\u00a0\u00bb\u00a0\u00bb][vc_column width=\u00a0\u00bb2\/3&Prime;][vc_column_text css=\u00a0\u00bb\u00a0\u00bb el_class=\u00a0\u00bbtext_inhalt_padding\u00a0\u00bb]<\/p>\n<h2>Andrea Arcidiacono<\/h2>\n<p>Andrea Arcidiacono, n\u00e9 \u00e0 Bellinzona en 1966, s\u2019installe \u00e0 Berne dans les ann\u00e9es quatre-vingt-dix, o\u00f9 il acquiert une exp\u00e9rience pluriannuelle et polyvalente dans la communication institutionnelle, les relations publiques et les m\u00e9dias entre la Suisse et l\u2019Italie.<\/p>\n<p>Apr\u00e8s avoir obtenu la licence en \u00e9conomie \u00e0 <strong>l\u2019Universit\u00e9 de St. Gall (HSG)\u00a0<\/strong>et quelques exp\u00e9riences dans le priv\u00e9, il fait de sa passion pour l\u2019\u00e9criture son m\u00e9tier.<\/p>\n<p>Il d\u00e9bute dans le monde des m\u00e9dias \u00e0 la r\u00e9daction de Bellinzona du Corriere del Ticino pour ensuite travailler \u00e0 Berne comme <strong>correspondant du Palais f\u00e9d\u00e9ral<\/strong> pour le <strong>Corriere del Ticino<\/strong> et pour la T\u00e9l\u00e9vision de la Suisse italienne <strong>RSI<\/strong>.<\/p>\n<p>La passion pour le syst\u00e8me politique le pousse \u00e0 s\u2019aventurer dans le monde de la communication et des m\u00e9dias en tant que porte-parole des <strong>Conseillers f\u00e9d\u00e9raux Ruth Dreifuss et Pascal Couchepin<\/strong> au D\u00e9partement f\u00e9d\u00e9ral de l\u2019int\u00e9rieur \u00e0 Berne.<\/p>\n<p>Il se sp\u00e9cialise dans la gestion de projets complexes\u00a0: de la cr\u00e9ation du Service communication et m\u00e9dias \u00e0 <strong>l\u2019Universit\u00e9 de la Suisse italienne\u00a0<\/strong>\u00e0 Lugano \u00e0 la r\u00e9vision de la communication au <strong>Tribunal f\u00e9d\u00e9ral administratif<\/strong> \u00e0 Berne.<\/p>\n<p>De 2011 \u00e0 2015 il travaille \u00e0 <strong>Pr\u00e9sence Suisse au D\u00e9partement f\u00e9d\u00e9ral des affaires \u00e9trang\u00e8res <\/strong>\u00e0 Berne\u00a0comme responsable du programme de diplomatie publique \u00abVerso Expo 2015\u00bb et de responsable de la communication du Pavillon Suisse \u00e0 <strong>l\u2019Exposition universelle de Milan en 2015<\/strong>.<\/p>\n<p>En 2016 il est responsable du programme de diplomatie publique <strong>\u00abGothard 2016\u00bb<\/strong> \u00e0 l\u2019occasion de l\u2019ouverture du tunnel ferroviaire le plus long du monde. L&rsquo;ouvrage du si\u00e8cle <strong>NLFA<\/strong> a permis \u00e0 la Suisse de s\u2019affirmer en tant que pays innovateur et engag\u00e9 \u00e0 faveur du d\u00e9veloppement durable et soutenable.<\/p>\n<p>De 2017 \u00e0 2018 il est actif dans le secteur de la sant\u00e9 en qualit\u00e9 de porte-parole et consultant de <strong>l\u2019Office f\u00e9d\u00e9ral de la sant\u00e9 publique<\/strong>\u00a0\u00e0 Berne avec un mandat de communication \u00e0 temps d\u00e9termin\u00e9 dans le domaine de l\u2019assurance-maladie.<\/p>\n<p>D&rsquo;octobre 2024 \u00e0 mars 2025, il travaille comme <strong>vice-chancelier et porte-parole du Conseil f\u00e9d\u00e9ral<\/strong>. Il a ensuite repris en 2025 ses activit\u00e9s en tant que partenaire et directeur de l&rsquo;entreprise Arcidiacono Consulting Partners.<\/p>\n<p>[\/vc_column_text][vc_empty_space height=\u00a0\u00bb16px\u00a0\u00bb][vc_column_text css=\u00a0\u00bb\u00a0\u00bb el_class=\u00a0\u00bbcellspacing_pub\u00a0\u00bb]<\/p>\n<table class=\"table_beitraege\" style=\"width: 100%; border-collapse: collapse;\" border=\"0\" cellspacing=\"4%\">\n<tbody>\n<tr>\n<td style=\"width: 16%; text-align: left; vertical-align: middle;\"><a href=\"https:\/\/www.arcidiacono-consulting.ch\/wp-content\/uploads\/2025\/07\/250620-cv-short-FRA.pdf\" target=\"_blank\" rel=\"noopener noreferrer\"><img loading=\"lazy\" decoding=\"async\" class=\"alignnone wp-image-25476 size-full\" src=\"https:\/\/www.arcidiacono-consulting.ch\/wp-content\/uploads\/2019\/01\/img_arcidiacono_button_pdf.png\" alt=\"\" width=\"158\" height=\"158\" srcset=\"https:\/\/www.arcidiacono-consulting.ch\/wp-content\/uploads\/2019\/01\/img_arcidiacono_button_pdf.png 158w, https:\/\/www.arcidiacono-consulting.ch\/wp-content\/uploads\/2019\/01\/img_arcidiacono_button_pdf-150x150.png 150w\" sizes=\"auto, (max-width: 158px) 100vw, 158px\" \/><\/a><\/td>\n<td style=\"width: 84%; text-align: left; vertical-align: middle;\">\n<h2><a href=\"https:\/\/www.arcidiacono-consulting.ch\/wp-content\/uploads\/2025\/07\/250620-cv-short-FRA.pdf\" target=\"_blank\" rel=\"noopener\">Curriculum vitae Arcidiacono Andrea<\/a><\/h2>\n<\/td>\n<\/tr>\n<\/tbody>\n<\/table>\n<p>[\/vc_column_text][vc_empty_space][\/vc_column][vc_column width=\u00a0\u00bb1\/3&Prime;][vc_single_image image=\u00a0\u00bb25775&Prime; img_size=\u00a0\u00bbfull\u00a0\u00bb qode_css_animation=\u00a0\u00bb\u00a0\u00bb][vc_empty_space][vc_row_inner row_type=\u00a0\u00bbrow\u00a0\u00bb use_as_box=\u00a0\u00bbuse_row_as_box\u00a0\u00bb type=\u00a0\u00bbfull_width\u00a0\u00bb text_align=\u00a0\u00bbleft\u00a0\u00bb row_negative_margin=\u00a0\u00bbdisable_negative_margin\u00a0\u00bb css_animation=\u00a0\u00bb\u00a0\u00bb css=\u00a0\u00bb.vc_custom_1551362280314{margin-right: 0px !important;margin-left: 0px !important;}\u00a0\u00bb][vc_column_inner css=\u00a0\u00bb.vc_custom_1551349282305{background-color: #375ab4 !important;}\u00a0\u00bb][vc_empty_space][vc_column_text css=\u00a0\u00bb.vc_custom_1551364798684{padding-top: 20px !important;padding-bottom: 20px !important;padding-left: 36px !important;}\u00a0\u00bb el_class=\u00a0\u00bbblue_box\u00a0\u00bb]<\/p>\n<h2>\u00abLe pr\u00e9sident est le premier serviteur.\u00bb<\/h2>\n<h2><\/h2>\n<h2>Mahatma Gandhi<\/h2>\n<p>[\/vc_column_text][vc_empty_space][\/vc_column_inner][\/vc_row_inner][\/vc_column][\/vc_row][vc_row css_animation=\u00a0\u00bb\u00a0\u00bb row_type=\u00a0\u00bbrow\u00a0\u00bb use_row_as_full_screen_section=\u00a0\u00bbno\u00a0\u00bb type=\u00a0\u00bbfull_width\u00a0\u00bb angled_section=\u00a0\u00bbno\u00a0\u00bb text_align=\u00a0\u00bbleft\u00a0\u00bb background_image_as_pattern=\u00a0\u00bbwithout_pattern\u00a0\u00bb][vc_column][vc_separator type=\u00a0\u00bbnormal\u00a0\u00bb color=\u00a0\u00bb#eafaff\u00a0\u00bb thickness=\u00a0\u00bb1px\u00a0\u00bb up=\u00a0\u00bb32&Prime; down=\u00a0\u00bb32&Prime;][\/vc_column][\/vc_row][vc_row css_animation=\u00a0\u00bb\u00a0\u00bb row_type=\u00a0\u00bbrow\u00a0\u00bb use_row_as_full_screen_section=\u00a0\u00bbno\u00a0\u00bb type=\u00a0\u00bbgrid\u00a0\u00bb angled_section=\u00a0\u00bbno\u00a0\u00bb text_align=\u00a0\u00bbleft\u00a0\u00bb background_image_as_pattern=\u00a0\u00bbwithout_pattern\u00a0\u00bb z_index=\u00a0\u00bb\u00a0\u00bb][vc_column width=\u00a0\u00bb2\/3&Prime;][vc_column_text css=\u00a0\u00bb\u00a0\u00bb el_class=\u00a0\u00bbtext_inhalt_padding\u00a0\u00bb]<\/p>\n<h2>Pascal Coullery<\/h2>\n<p>Pascal Coullery est n\u00e9 le 6 octobre 1963 \u00e0 Berne, o\u00f9 il a grandi. Apr\u00e8s des \u00e9tudes de droit, il a obtenu son doctorat en 1992 \u00e0 l&rsquo;Universit\u00e9 de Berne avec une th\u00e8se sur le droit \u00e0 l&rsquo;aide sociale. De 1994 \u00e0 2002, Pascal Coullery a d&rsquo;abord \u00e9t\u00e9 conseiller sp\u00e9cialis\u00e9 dans le domaine des assurances sociales, puis collaborateur personnel de la conseill\u00e8re f\u00e9d\u00e9rale Ruth Dreifuss.<\/p>\n<p>Apr\u00e8s trois ans \u00e0 la t\u00eatede la section L\u00e9gislation et analyses dans le domaine de l\u2019assurance-maladie et de l\u2019assurance accidents du D\u00e9partement f\u00e9d\u00e9ral de l&rsquo;int\u00e9rieur, il a rejointen 2006 la Direction de la sant\u00e9 publique et de la pr\u00e9voyance sociale du canton de Berne, o\u00f9 il a exerc\u00e9 les fonctions de secr\u00e9taire g\u00e9n\u00e9ral et de responsable de la pr\u00e9voyance sociale jusqu&rsquo;en 2016.<\/p>\n<p>Apr\u00e8s deux ans en tant que chef de l\u2019\u00e9tat-major de l&rsquo;Office f\u00e9d\u00e9ral des assurances sociales, Pascal Coullery travaille depuis d\u00e9but 2018 \u00e0 la Haute \u00e9cole sp\u00e9cialis\u00e9e de Berne, o\u00f9 il enseigne et fait des recherches au D\u00e9partement de travail social. Il est mari\u00e9 et p\u00e8re de deux enfants.[\/vc_column_text][vc_empty_space height=\u00a0\u00bb16px\u00a0\u00bb][vc_column_text el_class=\u00a0\u00bbcellspacing_pub\u00a0\u00bb]<\/p>\n<table class=\"table_beitraege\" style=\"width: 100%; border-collapse: collapse;\" border=\"0\" cellspacing=\"4%\">\n<tbody>\n<tr>\n<td style=\"width: 16%; text-align: left; vertical-align: middle;\"><a href=\"https:\/\/www.arcidiacono-consulting.ch\/wp-content\/uploads\/2019\/04\/PASCAL_COULLERY_KURZ_CV_F.pdf\" target=\"_blank\" rel=\"noopener noreferrer\"><img loading=\"lazy\" decoding=\"async\" class=\"alignnone wp-image-25476 size-full\" src=\"https:\/\/www.arcidiacono-consulting.ch\/wp-content\/uploads\/2019\/01\/img_arcidiacono_button_pdf.png\" alt=\"\" width=\"158\" height=\"158\" srcset=\"https:\/\/www.arcidiacono-consulting.ch\/wp-content\/uploads\/2019\/01\/img_arcidiacono_button_pdf.png 158w, https:\/\/www.arcidiacono-consulting.ch\/wp-content\/uploads\/2019\/01\/img_arcidiacono_button_pdf-150x150.png 150w\" sizes=\"auto, (max-width: 158px) 100vw, 158px\" \/><\/a><\/td>\n<td style=\"width: 84%; text-align: left; vertical-align: middle;\">\n<h2><a href=\"https:\/\/www.arcidiacono-consulting.ch\/wp-content\/uploads\/2019\/04\/PASCAL_COULLERY_KURZ_CV_F.pdf\" target=\"_blank\" rel=\"noopener noreferrer\">CV_Coullery_Pascal<\/a><\/h2>\n<\/td>\n<\/tr>\n<\/tbody>\n<\/table>\n<p>[\/vc_column_text][vc_empty_space][\/vc_column][vc_column width=\u00a0\u00bb1\/3&Prime;][vc_single_image image=\u00a0\u00bb26857&Prime; img_size=\u00a0\u00bbfull\u00a0\u00bb qode_css_animation=\u00a0\u00bb\u00a0\u00bb][vc_empty_space][vc_row_inner row_type=\u00a0\u00bbrow\u00a0\u00bb use_as_box=\u00a0\u00bbuse_row_as_box\u00a0\u00bb type=\u00a0\u00bbfull_width\u00a0\u00bb text_align=\u00a0\u00bbleft\u00a0\u00bb row_negative_margin=\u00a0\u00bbdisable_negative_margin\u00a0\u00bb css_animation=\u00a0\u00bb\u00a0\u00bb css=\u00a0\u00bb.vc_custom_1551362280314{margin-right: 0px !important;margin-left: 0px !important;}\u00a0\u00bb][vc_column_inner css=\u00a0\u00bb.vc_custom_1551349282305{background-color: #375ab4 !important;}\u00a0\u00bb][vc_empty_space][vc_column_text css=\u00a0\u00bb.vc_custom_1555255600447{padding-top: 20px !important;padding-bottom: 20px !important;padding-left: 36px !important;}\u00a0\u00bb el_class=\u00a0\u00bbblue_box\u00a0\u00bb]<\/p>\n<h2>\u00abLes obstacles et les difficult\u00e9s sont des \u00e9tapes sur lesquelles nous grimpons.\u00bb<\/h2>\n<h2>Friedrich Nietzsche<\/h2>\n<h2><\/h2>\n<p>[\/vc_column_text][vc_empty_space][\/vc_column_inner][\/vc_row_inner][\/vc_column][\/vc_row][vc_row css_animation=\u00a0\u00bb\u00a0\u00bb row_type=\u00a0\u00bbrow\u00a0\u00bb use_row_as_full_screen_section=\u00a0\u00bbno\u00a0\u00bb type=\u00a0\u00bbfull_width\u00a0\u00bb angled_section=\u00a0\u00bbno\u00a0\u00bb text_align=\u00a0\u00bbleft\u00a0\u00bb background_image_as_pattern=\u00a0\u00bbwithout_pattern\u00a0\u00bb][vc_column][vc_separator type=\u00a0\u00bbnormal\u00a0\u00bb color=\u00a0\u00bb#eafaff\u00a0\u00bb up=\u00a0\u00bb32&Prime; down=\u00a0\u00bb32&Prime;][\/vc_column][\/vc_row][vc_row css_animation=\u00a0\u00bb\u00a0\u00bb row_type=\u00a0\u00bbrow\u00a0\u00bb use_row_as_full_screen_section=\u00a0\u00bbno\u00a0\u00bb type=\u00a0\u00bbgrid\u00a0\u00bb angled_section=\u00a0\u00bbno\u00a0\u00bb text_align=\u00a0\u00bbleft\u00a0\u00bb background_image_as_pattern=\u00a0\u00bbwithout_pattern\u00a0\u00bb z_index=\u00a0\u00bb\u00a0\u00bb][vc_column width=\u00a0\u00bb2\/3&Prime;][vc_column_text el_class=\u00a0\u00bbtext_inhalt_padding\u00a0\u00bb]<\/p>\n<h2>Felix Rickenbacher<\/h2>\n<p>Felix Rickenbacher, n\u00e9 et grandi \u00e0 Zurich, a \u00e9tudi\u00e9 l&rsquo;informatique de gestion \u00e0 l&rsquo;Universit\u00e9 de Zurich.\u00a0Au sein de l&rsquo;UBS, il a pu appliquer et approfondir ses connaissances informatiques dans diff\u00e9rents domaines de la grande banque.<\/p>\n<p>Il s\u2019est en particulier sp\u00e9cialis\u00e9 dans les solutions de workflow bas\u00e9es sur le Web pour des domaines tels que le cr\u00e9dit, la tr\u00e9sorerie ou les achats informatiques. Au sein de la division Corporate and Institutional Clients, il \u00e9tait \u00e9galement responsable des relations commerciales avec les banques suisses.<\/p>\n<p>Avec la fondation et la gestion de Valebit AG, Felix Rickenbacher s&rsquo;est lanc\u00e9 dans le conseil pour impl\u00e9menter des solutions informatiques dans le secteur financier. Gr\u00e2ce au partenariat d&rsquo;addexpert, l&rsquo;activit\u00e9 de conseil s&rsquo;est d\u00e9velopp\u00e9e dans le secteur du recrutement de sp\u00e9cialistes et de cadres[\/vc_column_text][vc_empty_space height=\u00a0\u00bb16px\u00a0\u00bb][vc_column_text el_class=\u00a0\u00bbcellspacing_pub\u00a0\u00bb]<\/p>\n<table class=\"table_beitraege\" style=\"width: 100%; border-collapse: collapse;\" border=\"0\" cellspacing=\"4%\">\n<tbody>\n<tr>\n<td style=\"width: 16%; text-align: left; vertical-align: middle;\"><a href=\"https:\/\/www.arcidiacono-consulting.ch\/wp-content\/uploads\/2019\/04\/CV_Felix_Rickenbacher_F_short.pdf\" target=\"_blank\" rel=\"noopener noreferrer\"><img loading=\"lazy\" decoding=\"async\" class=\"alignnone wp-image-25476 size-full\" src=\"https:\/\/www.arcidiacono-consulting.ch\/wp-content\/uploads\/2019\/01\/img_arcidiacono_button_pdf.png\" alt=\"\" width=\"158\" height=\"158\" srcset=\"https:\/\/www.arcidiacono-consulting.ch\/wp-content\/uploads\/2019\/01\/img_arcidiacono_button_pdf.png 158w, https:\/\/www.arcidiacono-consulting.ch\/wp-content\/uploads\/2019\/01\/img_arcidiacono_button_pdf-150x150.png 150w\" sizes=\"auto, (max-width: 158px) 100vw, 158px\" \/><\/a><\/td>\n<td style=\"width: 84%; text-align: left; vertical-align: middle;\">\n<h2><a href=\"https:\/\/www.arcidiacono-consulting.ch\/wp-content\/uploads\/2019\/04\/CV_Felix_Rickenbacher_F_short.pdf\" target=\"_blank\" rel=\"noopener noreferrer\">CV_Rickenbacher_Felix<\/a><\/h2>\n<\/td>\n<\/tr>\n<\/tbody>\n<\/table>\n<p>[\/vc_column_text][vc_empty_space][\/vc_column][vc_column width=\u00a0\u00bb1\/3&Prime;][vc_single_image image=\u00a0\u00bb26561&Prime; img_size=\u00a0\u00bbfull\u00a0\u00bb qode_css_animation=\u00a0\u00bb\u00a0\u00bb][vc_empty_space][vc_row_inner row_type=\u00a0\u00bbrow\u00a0\u00bb use_as_box=\u00a0\u00bbuse_row_as_box\u00a0\u00bb type=\u00a0\u00bbfull_width\u00a0\u00bb text_align=\u00a0\u00bbleft\u00a0\u00bb row_negative_margin=\u00a0\u00bbdisable_negative_margin\u00a0\u00bb css_animation=\u00a0\u00bb\u00a0\u00bb css=\u00a0\u00bb.vc_custom_1551362280314{margin-right: 0px !important;margin-left: 0px !important;}\u00a0\u00bb][vc_column_inner css=\u00a0\u00bb.vc_custom_1551349282305{background-color: #375ab4 !important;}\u00a0\u00bb][vc_empty_space][vc_column_text css=\u00a0\u00bb.vc_custom_1555309536949{padding-top: 20px !important;padding-bottom: 20px !important;padding-left: 36px !important;}\u00a0\u00bb el_class=\u00a0\u00bbblue_box\u00a0\u00bb]<\/p>\n<h2>\u00abLa musique est le son qui pense.\u00bb<\/h2>\n<h2><\/h2>\n<h2>Viktor Hugo<\/h2>\n<p>[\/vc_column_text][vc_empty_space][\/vc_column_inner][\/vc_row_inner][\/vc_column][\/vc_row][vc_row css_animation=\u00a0\u00bb\u00a0\u00bb row_type=\u00a0\u00bbrow\u00a0\u00bb use_row_as_full_screen_section=\u00a0\u00bbno\u00a0\u00bb type=\u00a0\u00bbfull_width\u00a0\u00bb angled_section=\u00a0\u00bbno\u00a0\u00bb text_align=\u00a0\u00bbleft\u00a0\u00bb background_image_as_pattern=\u00a0\u00bbwithout_pattern\u00a0\u00bb][vc_column][vc_empty_space height=\u00a0\u00bb64px\u00a0\u00bb][\/vc_column][\/vc_row]<\/p>\n<\/div>","protected":false},"excerpt":{"rendered":"<p>[vc_row css_animation=\u00a0\u00bb\u00a0\u00bb row_type=\u00a0\u00bbrow\u00a0\u00bb use_row_as_full_screen_section=\u00a0\u00bbno\u00a0\u00bb type=\u00a0\u00bbgrid\u00a0\u00bb angled_section=\u00a0\u00bbno\u00a0\u00bb text_align=\u00a0\u00bbleft\u00a0\u00bb background_image_as_pattern=\u00a0\u00bbwithout_pattern\u00a0\u00bb z_index=\u00a0\u00bb\u00a0\u00bb][vc_column width=\u00a0\u00bb2\/3&Prime;][vc_column_text css=\u00a0\u00bb\u00a0\u00bb el_class=\u00a0\u00bbtext_inhalt_padding\u00a0\u00bb] Andrea Arcidiacono Andrea Arcidiacono, n\u00e9 \u00e0 Bellinzona en 1966, s\u2019installe \u00e0 Berne dans les ann\u00e9es quatre-vingt-dix, o\u00f9 il acquiert une exp\u00e9rience pluriannuelle et polyvalente dans la communication institutionnelle, les relations publiques et les&#8230;<\/p>\n","protected":false},"author":11,"featured_media":0,"parent":0,"menu_order":0,"comment_status":"closed","ping_status":"closed","template":"","meta":{"footnotes":""},"class_list":["post-26494","page","type-page","status-publish","hentry"],"_links":{"self":[{"href":"https:\/\/www.arcidiacono-consulting.ch\/fr\/wp-json\/wp\/v2\/pages\/26494","targetHints":{"allow":["GET"]}}],"collection":[{"href":"https:\/\/www.arcidiacono-consulting.ch\/fr\/wp-json\/wp\/v2\/pages"}],"about":[{"href":"https:\/\/www.arcidiacono-consulting.ch\/fr\/wp-json\/wp\/v2\/types\/page"}],"author":[{"embeddable":true,"href":"https:\/\/www.arcidiacono-consulting.ch\/fr\/wp-json\/wp\/v2\/users\/11"}],"replies":[{"embeddable":true,"href":"https:\/\/www.arcidiacono-consulting.ch\/fr\/wp-json\/wp\/v2\/comments?post=26494"}],"version-history":[{"count":13,"href":"https:\/\/www.arcidiacono-consulting.ch\/fr\/wp-json\/wp\/v2\/pages\/26494\/revisions"}],"predecessor-version":[{"id":29337,"href":"https:\/\/www.arcidiacono-consulting.ch\/fr\/wp-json\/wp\/v2\/pages\/26494\/revisions\/29337"}],"wp:attachment":[{"href":"https:\/\/www.arcidiacono-consulting.ch\/fr\/wp-json\/wp\/v2\/media?parent=26494"}],"curies":[{"name":"wp","href":"https:\/\/api.w.org\/{rel}","templated":true}]}}