{"id":26516,"date":"2019-03-25T16:04:37","date_gmt":"2019-03-25T15:04:37","guid":{"rendered":"https:\/\/www.arcidiacono-consulting.ch\/impressum-protection-des-donnees\/"},"modified":"2025-10-10T18:46:46","modified_gmt":"2025-10-10T16:46:46","slug":"impressum-protection-des-donnees","status":"publish","type":"page","link":"https:\/\/www.arcidiacono-consulting.ch\/fr\/impressum-protection-des-donnees\/","title":{"rendered":"Impressum\/protection des donn\u00e9es"},"content":{"rendered":"<div class=\"wpb-content-wrapper\"><p>[vc_row css_animation=\u00a0\u00bb\u00a0\u00bb row_type=\u00a0\u00bbrow\u00a0\u00bb use_row_as_full_screen_section=\u00a0\u00bbno\u00a0\u00bb type=\u00a0\u00bbgrid\u00a0\u00bb angled_section=\u00a0\u00bbno\u00a0\u00bb text_align=\u00a0\u00bbleft\u00a0\u00bb background_image_as_pattern=\u00a0\u00bbwithout_pattern\u00a0\u00bb z_index=\u00a0\u00bb\u00a0\u00bb][vc_column width=\u00a0\u00bb1\/2&Prime;][vc_column_text css=\u00a0\u00bb\u00a0\u00bb]<\/p>\n<h2>Impressum<\/h2>\n<p>Andrea Arcidiacono<br \/>\nlic. oec. HSG<br \/>\nArcidiacono Consulting Partners GmbH<br \/>\nBr\u00fcckfeldstrasse 40<br \/>\nCH- 3012 Berne<br \/>\nSuisse<br \/>\n<a href=\"&#x6d;&#97;i&#x6c;&#116;o&#x3a;&#x61;&#110;&#x64;&#x72;&#101;a&#x40;&#97;r&#x63;&#x69;&#100;&#x69;&#x61;&#99;o&#x6e;&#111;-&#x63;&#x6f;&#110;&#x73;&#x75;&#108;t&#x69;&#110;g&#x2e;&#x63;&#104;\">&#x61;&#x6e;&#x64;&#x72;&#101;&#97;&#64;ar&#x63;&#x69;&#x64;&#x69;&#x61;&#99;&#111;&#110;o-&#x63;&#x6f;&#x6e;&#x73;&#x75;&#108;&#116;&#105;ng&#x2e;&#x63;&#x68;<\/a><\/p>\n<p>T\u00e9l. \u00a0 \u00a0 \u00a0 + 41 31 301 25 57<br \/>\nMobile + 41 79 830 57 44<\/p>\n<p>Num\u00e9ro d\u2019identification de l\u2019entreprise<br \/>\n<a href=\"https:\/\/www.uid.admin.ch\/Detail.aspx?uid_id=CHE-331.964.668&amp;lang=fr\">UID CHE-331.964.668<\/a><\/p>\n<p><a href=\"https:\/\/www.zefix.ch\/fr\/search\/entity\/list\/firm\/1391302\" target=\"_blank\" rel=\"noopener\">Extrait du registre de commerce \u2013 SHAB <\/a>(il n\u2019a pas d\u2019effet juridique et toutes les informations sont fournies sans garantie)<\/p>\n<p>Photos:<br \/>\n\u00a9 <a href=\"http:\/\/www.lunax.ch\/portfolio?devenes\">B\u00e9atrice Dev\u00e8nes<\/a>, portrait Andrea Arcidiacono<br \/>\n\u00a9 <a href=\"https:\/\/www.linkedin.com\/in\/arcidiaconoandrea\/\">Andrea Arcidiacono<\/a>, autres images<br \/>\n\u00a9 <a href=\"http:\/\/www.fotolabojob.ch\/massimo.html\">Massimo Pacciorini-Job<\/a>, ch\u00e2teau Montebello avec arc-en-ciel, Bellinzona<\/p>\n<p><span lang=\"FR-CH\">Concept et graphisme <\/span>: <a href=\"http:\/\/www.wapico.ch\" target=\"_blank\" rel=\"noopener noreferrer\">www.wapico.ch<\/a><br \/>\n<span lang=\"FR-CH\">D\u00e9veloppement site web<\/span>: <a href=\"http:\/\/www.kyramarios.com\">www.kyramarios.com<\/a><\/p>\n<h2><span lang=\"FR\">D\u00e9claration de confidentialit\u00e9<\/span><\/h2>\n<p>L&rsquo;instance responsable au sens des lois sur la protection des donn\u00e9es, en particulier du R\u00e8glement g\u00e9n\u00e9ral sur la protection des donn\u00e9es (RGPD), est\u00a0:<\/p>\n<p>Arcidiacono Consulting Partners GmbH<br \/>\nAndrea Arcidiacono<br \/>\nBr\u00fcckfeldstrasse 40<br \/>\n3012 Berne<br \/>\nT\u00e9l\u00e9phone\u00a0: 0041 79 830 57 44<br \/>\n<a href=\"&#x6d;&#x61;&#x69;&#x6c;&#x74;&#111;&#58;&#97;&#110;dre&#x61;&#x40;&#x61;&#x72;&#x63;&#x69;&#100;&#105;&#97;con&#x6f;&#x2d;&#x63;&#x6f;&#x6e;&#x73;&#117;&#108;&#116;&#105;ng&#46;&#x63;&#x68;\">&#x61;&#110;d&#x72;&#x65;&#97;&#64;&#x61;&#x72;&#99;i&#x64;&#x69;&#97;c&#x6f;&#x6e;&#111;-&#x63;&#111;&#110;s&#x75;&#108;t&#x69;&#x6e;&#103;&#46;&#x63;&#x68;<\/a><br \/>\nSite web\u00a0: <a href=\"https:\/\/www.arcidiacono-consulting.ch\/fr\/\">https:\/\/www.arcidiacono-consulting.ch\/<\/a><\/p>\n<h2>Note g\u00e9n\u00e9rale<\/h2>\n<p>Conform\u00e9ment \u00e0 l&rsquo;article 13 de la Constitution f\u00e9d\u00e9rale suisse et aux dispositions du gouvernement f\u00e9d\u00e9ral relatives \u00e0 la protection des donn\u00e9es (loi f\u00e9d\u00e9rale sur la protection des donn\u00e9es, LPD), toute personne a droit \u00e0 la protection de sa vie priv\u00e9e et \u00e0 la protection contre l&rsquo;utilisation abusive de ses donn\u00e9es personnelles. Les exploitants de ces pages prennent tr\u00e8s au s\u00e9rieux la protection de vos donn\u00e9es personnelles. Nous traitons vos donn\u00e9es personnelles de mani\u00e8re confidentielle et conform\u00e9ment aux dispositions l\u00e9gales en mati\u00e8re de protection des donn\u00e9es et \u00e0 la pr\u00e9sente politique de confidentialit\u00e9.<br \/>\nEn coop\u00e9ration avec nos h\u00e9bergeurs, nous nous effor\u00e7ons de prot\u00e9ger autant que possible les bases de donn\u00e9es contre les acc\u00e8s non autoris\u00e9s, les pertes, les utilisations abusives ou la contrefa\u00e7on.<br \/>\nNous soulignons que la transmission de donn\u00e9es sur internet (p.\u00a0ex. dans la communication par courrier \u00e9lectronique) peut pr\u00e9senter des failles de s\u00e9curit\u00e9. Une protection compl\u00e8te des donn\u00e9es contre l&rsquo;acc\u00e8s de tiers n&rsquo;est pas possible.<br \/>\nEn utilisant ce site web, vous consentez \u00e0 la collecte, au traitement et \u00e0 l&rsquo;utilisation de donn\u00e9es tel que d\u00e9crit ci-dessous. Ce site web peut \u00eatre visit\u00e9 sans inscription. Des donn\u00e9es telles que les pages consult\u00e9es ou le nom du fichier consult\u00e9, la date et l&rsquo;heure sont sauvegard\u00e9es sur le serveur \u00e0 des fins statistiques, sans \u00eatre directement li\u00e9es \u00e0 votre personne. Les donn\u00e9es \u00e0 caract\u00e8re personnel, notamment le nom, l&rsquo;adresse ou l&rsquo;adresse \u00e9lectronique, sont collect\u00e9es dans la mesure du possible sur une base volontaire. Sans votre consentement, les donn\u00e9es ne seront pas transmises \u00e0 des tiers.<\/p>\n<h2>Traitement des donn\u00e9es \u00e0 caract\u00e8re personnel<\/h2>\n<p>Les donn\u00e9es \u00e0 caract\u00e8re personnel sont des informations relatives \u00e0 une personne sp\u00e9cifique ou identifiable. Une personne concern\u00e9e est une personne dont des informations personnelles sont trait\u00e9es. L&rsquo;\u00e9dition inclut toutes les op\u00e9rations avec des informations personnelles, quels que soient les moyens et proc\u00e9dures utilis\u00e9s, notamment le stockage, la publication, l&rsquo;obtention, la suppression, la sauvegarde, la modification, la destruction et l&rsquo;utilisation de donn\u00e9es personnelles.<br \/>\nNous traitons les donn\u00e9es personnelles conform\u00e9ment \u00e0 la r\u00e9glementation suisse sur la protection des donn\u00e9es. En outre, dans la mesure o\u00f9 le \u00a0R\u00e8glement europ\u00e9en sur la protection des donn\u00e9es\u00a0(RGPD) est applicable, nous traitons des donn\u00e9es \u00e0 caract\u00e8re personnel conform\u00e9ment \u00e0 la base juridique suivanteen lien avec l&rsquo;article 6, paragraphe 1, du RGPD\u00a0:<br \/>\nPoint a) Traitement de donn\u00e9es \u00e0 caract\u00e8re personnel avec le consentement de la personne concern\u00e9e.<br \/>\nPoint b) Traitement de donn\u00e9es \u00e0 caract\u00e8re personnel afin d&rsquo;ex\u00e9cuter un contrat avec la personne concern\u00e9e et de mettre en \u0153uvre les mesures pr\u00e9contractuelles correspondantes.<br \/>\nPoint c) Traitement de donn\u00e9es \u00e0 caract\u00e8re personnel\u00a0en vue de remplir une obligation l\u00e9gale \u00e0 laquelle nous sommes soumis conform\u00e9ment \u00e0 toute r\u00e9glementation applicable de l&rsquo;UE ou \u00e0 la loi applicable d&rsquo;un pays dans lequel le RGPD est pleinement ou partiellement applicable.<br \/>\nPoint d) Traitement de donn\u00e9es \u00e0 caract\u00e8re personnel visant \u00e0 prot\u00e9ger les int\u00e9r\u00eats vitaux de la personne concern\u00e9e ou d&rsquo;une autre personne physique.<br \/>\nPoint f) Traitement de donn\u00e9es \u00e0 caract\u00e8re personnel dans le but de prot\u00e9ger nos int\u00e9r\u00eats l\u00e9gitimes ou ceux de tiers, \u00e0 moins que les libert\u00e9s fondamentales, les droits fondamentaux et les int\u00e9r\u00eats de la personne concern\u00e9e ne pr\u00e9valent. Les int\u00e9r\u00eats l\u00e9gitimes incluent notamment notre int\u00e9r\u00eat commercial \u00e0 pouvoir fournir notre site web, la s\u00e9curit\u00e9 de l&rsquo;information, l&rsquo;application de nos propres droits l\u00e9gaux et le respect du droit suisse.<br \/>\nNous traitons les donn\u00e9es personnelles pendant la dur\u00e9e n\u00e9cessaire pour atteindre le but ou finalit\u00e9s recherch\u00e9s. En cas d&rsquo;obligation de sauvegarde \u00e0 long terme due aux obligations l\u00e9gales et autres auxquelles nous sommes soumis, nous limitons le traitement en cons\u00e9quence.<\/p>\n<h2>Politique de confidentialit\u00e9 pour les cookies<\/h2>\n<p>Ce site utilise des cookies. Ce sont de petits fichiers texte qui permettent de stocker des informations sp\u00e9cifiques \u00e0 l&rsquo;utilisateur sur le p\u00e9riph\u00e9rique de l&rsquo;utilisateur pendant qu&rsquo;il utilise le site web. Les cookies permettent notamment de d\u00e9terminer la fr\u00e9quence d&rsquo;utilisation et le nombre d&rsquo;utilisateurs des pages, d&rsquo;analyser les comportements d&rsquo;utilisation des pages, mais \u00e9galement de rendre notre offre plus conviviale.\u00a0Les cookies sont stock\u00e9s \u00e0 la fin d&rsquo;une session du navigateur et peuvent \u00eatre rappel\u00e9s lors de la prochaine visite de la page. Si vous ne le souhaitez pas, vous devez configurer votre navigateur internet pour qu&rsquo;il refuse d&rsquo;accepter les cookies.<br \/>\nUne objection g\u00e9n\u00e9rale \u00e0 l&rsquo;utilisation des cookies utilis\u00e9s \u00e0 des fins de marketing en ligne peut \u00eatre expliqu\u00e9e pour un grand nombre de services, en particulier dans le cas du suivi, via le site am\u00e9ricain\u00a0<a href=\"http:\/\/www.aboutads.info\/choices\/\">http:\/\/www.aboutads.info\/choices\/<\/a>\u00a0ou le site europ\u00e9en\u00a0<a href=\"http:\/\/www.youronlinechoices.com\/\">http:\/\/www.youronlinechoices.com\/<\/a>. En outre, vous pouvez enregistrer les cookies en les d\u00e9sactivant dans les param\u00e8tres du navigateur. Veuillez noter que, le cas \u00e9ch\u00e9ant, toutes les fonctionnalit\u00e9s de ce site ne peuvent pas \u00eatre utilis\u00e9es.<\/p>\n<h2>Politique de confidentialit\u00e9 pour le cryptage SSL<\/h2>\n<p>Ce site web utilise le cryptage SSL pour des raisons de s\u00e9curit\u00e9 et pour prot\u00e9ger la transmission du contenu sensible, tel que les demandes que vous nous envoyez en tant qu&rsquo;exploitant du site. Une connexion crypt\u00e9e est reconnaissable \u00e0 la barre d&rsquo;adresse du navigateur, qui passe de \u00ab\u00a0http:\/\/\u00a0\u00bb \u00e0 \u00ab\u00a0https:\/\/\u00a0\u00bb et au symbole de verrou dans la barre de votre navigateur.<br \/>\nSi le cryptage SSL est activ\u00e9, les donn\u00e9es que vous nous soumettez ne peuvent pas \u00eatre lues par des tiers.<\/p>\n<h2>Politique de confidentialit\u00e9 pour le formulaire de contact<\/h2>\n<p>Si vous nous envoyez des demandes via le formulaire de contact, les coordonn\u00e9es que vous entrez dans le formulaire de demande, y compris les coordonn\u00e9es que vous y avez fournies, seront stock\u00e9es afin de traiter la demande et d&rsquo;\u00e9ventuelles questions compl\u00e9mentaires. Nous ne partagerons pas ces donn\u00e9es sans votre consentement.<\/p>\n<h2>Politique de confidentialit\u00e9 pour Google Analytics<\/h2>\n<p><span lang=\"FR\">Ce site utilise Google Analytics, un service d&rsquo;analyse web fourni par Google Inc., 1600 Amphitheatre Parkway, Mountain View, CA 94043, \u00c9tats-Unis. Pour d\u00e9sactiver Google Analytics, Google fournit sur<span class=\"apple-converted-space\">\u00a0<\/span><\/span><span lang=\"DE\"><span lang=\"FR\"><a href=\"https:\/\/tools.google.com\/dlpage\/gaoptout?hl=de\" target=\"_blank\" rel=\"noopener\">https:\/\/tools.google.com\/dlpage\/gaoptout?hl=de<\/a>\u00a0<\/span><\/span><span lang=\"FR\">un plug-in navigateur. Google Analytics utilise des cookies. Ce sont de petits fichiers texte qui permettent de stocker des informations sp\u00e9cifiques \u00e0 l&rsquo;utilisateur sur le p\u00e9riph\u00e9rique de l&rsquo;utilisateur. Ceux-ci permettent \u00e0 Google d&rsquo;analyser l&rsquo;utilisation de notre site web. Les informations collect\u00e9es par le cookie concernant l&rsquo;utilisation de nos pages (y compris votre adresse IP) sont g\u00e9n\u00e9ralement transmises \u00e0 Google et stock\u00e9es par celui-ci sur des serveurs situ\u00e9s aux \u00c9tats-Unis. Veuillez noter que, sur ce site web, Google Analytics a \u00e9t\u00e9 compl\u00e9t\u00e9 avec le code \u00ab\u00a0gat._anonymizeIp ();\u00a0\u00bb afin de garantir une collecte anonyme d&rsquo;adresses IP (ce que l&rsquo;on appelle le masquage IP). Si l&rsquo;anonymisation est activ\u00e9e, Google tronque les adresses IP dans les \u00c9tats membres de l&rsquo;Union europ\u00e9enne ou dans d&rsquo;autres \u00c9tats signataires de l&rsquo;Accord sur l&rsquo;Espace \u00e9conomique europ\u00e9en. Par cons\u00e9quent, de sorte qu&rsquo;il est impossible de vous identifier. Seulement dans des cas exceptionnels, l&rsquo;adresse IP compl\u00e8te est envoy\u00e9e \u00e0 un serveur de Google aux \u00c9tats-Unis o\u00f9 elle est abr\u00e9g\u00e9e. Google respecte les r\u00e8gles de confidentialit\u00e9 de l&rsquo;accord Privacy Shield et est enregistr\u00e9 dans le programme Privacy Shield du d\u00e9partement am\u00e9ricain du Commerce. Il utilise les informations que nous collectons pour \u00e9valuer l&rsquo;utilisation de notre site web, pour en faire rapport et pour nous fournir d&rsquo;autres services connexes. Pour en savoir plus, rendez-vous sur<span class=\"apple-converted-space\">\u00a0<\/span><\/span><span lang=\"DE\"><a href=\"https:\/\/support.google.com\/analytics\/answer\/6004245?hl=de\" target=\"_blank\" rel=\"noopener\"><span lang=\"FR\">https:\/\/support.google.com\/analytics\/answer\/6004245?hl=de<\/span><\/a><\/span><\/p>\n<h2><span lang=\"FR\">Politique de confidentialit\u00e9 pour Facebook<\/span><\/h2>\n<p>Ce site utilise des fonctionnalit\u00e9s de Facebook Inc., 1601 S. California Ave., Palo Alto, CA 94304, \u00c9tats-Unis. Lorsque vous visitez nos pages avec des plug-ins Facebook, une connexion est \u00e9tablie entre votre navigateur et les serveurs de Facebook. \u00c0 cette occasion, des donn\u00e9es sont d\u00e9j\u00e0 transmises \u00e0 Facebook. Si vous avez un compte Facebook, ces donn\u00e9es peuvent y \u00eatre rattach\u00e9es. Si vous ne souhaitez pas que ces donn\u00e9es soient attribu\u00e9es \u00e0 votre compte Facebook, veuillez vous d\u00e9connecter de Facebook avant de visiter notre site. Les interactions, en particulier l&rsquo;utilisation d&rsquo;une fonction de commentaire ou le clic sur un bouton \u00ab\u00a0J&rsquo;aime\u00a0\u00bb ou \u00ab\u00a0Partager\u00a0\u00bb sont \u00e9galement transmis \u00e0 Facebook. Pour en savoir plus, rendez-vous sur<a href=\"https:\/\/de-de.facebook.com\/about\/privacy\">\u00a0https:\/\/de-de.facebook.com\/about\/privacy<\/a>.<\/p>\n<h2>Politique de confidentialit\u00e9 pour Twitter<\/h2>\n<p>Ce site utilise des fonctionnalit\u00e9s de Twitter, Inc., 1355 Market St, Suite 900, San Francisco, CA 94103, \u00c9tats-Unis. Lorsque vous visitez nos pages avec des plug-ins Twitter, une connexion est \u00e9tablie entre votre navigateur et les serveurs de Twitter. \u00c0 cette occasion, des donn\u00e9es sont d\u00e9j\u00e0 transmises \u00e0 Twitter. Si vous avez un compte Twitter, ces donn\u00e9es peuvent y \u00eatre rattach\u00e9es. Si vous ne souhaitez pas que ces donn\u00e9es soient attribu\u00e9es \u00e0 votre compte Twitter, veuillez vous d\u00e9connecter de Twitter avant de visiter notre site. Les interactions, notamment en cliquant sur un bouton \u00ab\u00a0re-tweet\u00a0\u00bb, seront \u00e9galement partag\u00e9es avec Twitter. Pour en savoir plus, rendez-vous sur\u00a0<a href=\"https:\/\/twitter.com\/privacy\">https:\/\/twitter.com\/privacy<\/a>.<\/p>\n<h2>Politique de confidentialit\u00e9 pour Instagram<\/h2>\n<p><span lang=\"FR\">Les fonctions du service Instagram sont int\u00e9gr\u00e9es sur nos pages. Ces fonctionnalit\u00e9s sont fournies par Instagram Inc., 1601 Willow Road, Menlo Park, Californie, 94025, \u00c9tats-Unis. Si vous \u00eates connect\u00e9 \u00e0 votre compte Instagram, vous pouvez lier le contenu de nos pages \u00e0 votre profil Instagram en cliquant sur le bouton Instagram. Cela permet \u00e0 Instagram d\u2019associer la visite de nos pages \u00e0 votre compte utilisateur. Nous soulignons que, en tant que fournisseur des pages, nous n&rsquo;avons aucune connaissance du contenu des donn\u00e9es transmises ni de leur utilisation par Instagram.<\/span><\/p>\n<p><span lang=\"FR\">Pour de plus amples informations, merci de consulter la politique de confidentialit\u00e9 d&rsquo;Instagram sur\u00a0:<span class=\"apple-converted-space\">\u00a0<\/span><\/span><span lang=\"IT-CH\"><a href=\"https:\/\/instagram.com\/about\/legal\/privacy\/\" target=\"_blank\" rel=\"noopener\"><span lang=\"FR\">http:\/\/instagram.com\/about\/legal\/privacy\/<\/span><\/a><\/span><span lang=\"FR\">.<\/span><\/p>\n<h2><span lang=\"FR\">Politique de confidentialit\u00e9 pour LinkedIn<\/span><\/h2>\n<p>Ce site utilise des fonctionnalit\u00e9s du r\u00e9seau LinkedIn. Elles sont fournies par LinkedIn Corporation, 2029 Stierlin Court, Mountain View, CA 94043, \u00c9tats-Unis. Chaque fois que vous consultez une de nos pages qui inclut des fonctionnalit\u00e9s de LinkedIn, une connexion s&rsquo;effectue avec les serveurs de LinkedIn. LinkedIn est inform\u00e9 que vous avez visit\u00e9 notre site web avec votre adresse IP. Si vous cliquez sur le bouton \u00ab\u00a0Recommander\u00a0\u00bb de LinkedIn et que vous \u00eates connect\u00e9 \u00e0 votre compte LinkedIn, LinkedIn pourra associer votre visite de notre site web avec vous et votre compte d&rsquo;utilisateur. Nous soulignons que, en tant que fournisseur des pages, nous n&rsquo;avons aucune connaissance du contenu des donn\u00e9es transmises ni de leur utilisation par LinkedIn.<br \/>\nPour de plus amples informations, merci de consulter la politique de confidentialit\u00e9 de LinkedIn sur:\u00a0<a href=\"https:\/\/www.linkedin.com\/legal\/privacy-polic\">https:\/\/www.linkedin.com\/legal\/privacy-polic<\/a>y.<\/p>\n<h2>Droitsd&rsquo;auteur<\/h2>\n<p><span lang=\"FR\">Les droits d&rsquo;auteur et tous les autres droits sur le contenu, les images, photos ou autres fichiers du site web appartiennent exclusivement \u00e0 l&rsquo;exploitant de ce site ou aux titulaires des droits sp\u00e9cifiquement nomm\u00e9s. <b>La reproduction de tout fichier requiert l\u2019autorisation \u00e9crite du d\u00e9tenteur des droits<\/b>.<\/span><\/p>\n<p><span lang=\"FR\">Toute personne qui commet une violation du droit d&rsquo;auteur sans le consentement du d\u00e9tenteur du droit d&rsquo;auteur concern\u00e9e peut \u00eatre passible de poursuites et tenue de payer des dommages et int\u00e9r\u00eats.<\/span><\/p>\n<h2><span lang=\"FR\">Exclusion g\u00e9n\u00e9rale de responsabilit\u00e9<\/span><\/h2>\n<p><span lang=\"FR\">Toutes les informations sur notre site web ont \u00e9t\u00e9 soigneusement v\u00e9rifi\u00e9es. Nous nous effor\u00e7ons de publier des informations actualis\u00e9es, correctes et compl\u00e8tes. N\u00e9anmoins, la survenue d\u2019erreurs ne peut pas \u00eatre compl\u00e8tement exclue. De ce fait, nous ne pouvons garantir l\u2019exhaustivit\u00e9, l\u2019exactitude et l\u2019actualit\u00e9 des informations, y compris en ce qui concerne la partie r\u00e9dactionnelle ou journalistique. Pour des dommages mat\u00e9riels ou immat\u00e9riels caus\u00e9s par l\u2019utilisation des informations mises \u00e0 disposition, tout recours en responsabilit\u00e9 est exclu, sauf en cas de faute intentionnelle ou de n\u00e9gligence grave pouvant \u00eatre prouv\u00e9es.<\/span><\/p>\n<p><span lang=\"FR\">L&rsquo;\u00e9diteur peut, \u00e0 sa seule discr\u00e9tion et sans pr\u00e9avis, modifier ou supprimer des textes et il n&rsquo;est pas tenu de mettre \u00e0 jour le contenu de ce site. L&rsquo;utilisation et le simple acc\u00e8s au site se font aux risques et p\u00e9rils du visiteur. L&rsquo;\u00e9diteur, ses clients ou ses partenaires ne sont pas responsables des dommages directs, indirects, accessoires, cons\u00e9cutifs ou sp\u00e9ciaux, qui auraient \u00e9t\u00e9 caus\u00e9s par la visite de ce site\u00a0; ils d\u00e9clinent donc toute responsabilit\u00e9 \u00e0 cet \u00e9gard.<\/span><\/p>\n<p><span lang=\"FR\">L&rsquo;\u00e9diteur d\u00e9cline \u00e9galement toute responsabilit\u00e9 quant au contenu et \u00e0 la disponibilit\u00e9 des sites web auxquels il est possible d\u2019acc\u00e9der par des liens externes sur ce site. Le contenu des pages li\u00e9es rel\u00e8ve de la seule responsabilit\u00e9 de leurs exploitants. L&rsquo;\u00e9diteur se distancie express\u00e9ment de tous les contenus de tiers susceptibles d\u2019entra\u00eener des cons\u00e9quences l\u00e9gales ou p\u00e9nales ou qui portent atteinte aux bonnes m\u0153urs.<\/span><\/p>\n<h2><span lang=\"FR\">Modifications<\/span><\/h2>\n<p>Nous pouvons modifier cette politique de confidentialit\u00e9 \u00e0 tout moment sans pr\u00e9avis. C&rsquo;est la version actuelle publi\u00e9e sur notre site web qui s&rsquo;applique. En cas de mise \u00e0 jour, si la politique de confidentialit\u00e9 fait partie d&rsquo;un accord avec vous, nous vous informerons de la modification par courrier \u00e9lectronique ou par tout autre moyen appropri\u00e9.<\/p>\n<h2>Questions au responsable de la protection des donn\u00e9es<\/h2>\n<p><span lang=\"FR\">Si vous avez des questions relatives \u00e0 la protection des donn\u00e9es, veuillez nous envoyer un courrier \u00e9lectronique ou contacter directement la personne responsable de la protection des donn\u00e9es dans notre organisation, indiqu\u00e9e au d\u00e9but de la pr\u00e9sente d\u00e9claration de confidentialit\u00e9.<\/span><\/p>\n<p>Berne, 01.05.2019<br \/>\nSource:<span class=\"apple-converted-space\">\u00a0<\/span><a href=\"https:\/\/www.swissanwalt.ch\/\" target=\"_blank\" rel=\"noopener noreferrer\">SwissAnwalt<\/a>[\/vc_column_text][\/vc_column][vc_column width=\u00a0\u00bb1\/2&Prime;][\/vc_column][\/vc_row][vc_row css_animation=\u00a0\u00bb\u00a0\u00bb row_type=\u00a0\u00bbrow\u00a0\u00bb use_row_as_full_screen_section=\u00a0\u00bbno\u00a0\u00bb type=\u00a0\u00bbfull_width\u00a0\u00bb angled_section=\u00a0\u00bbno\u00a0\u00bb text_align=\u00a0\u00bbleft\u00a0\u00bb background_image_as_pattern=\u00a0\u00bbwithout_pattern\u00a0\u00bb][vc_column][vc_empty_space height=\u00a0\u00bb64px\u00a0\u00bb][\/vc_column][\/vc_row]<\/p>\n<\/div>","protected":false},"excerpt":{"rendered":"<p>[vc_row css_animation=\u00a0\u00bb\u00a0\u00bb row_type=\u00a0\u00bbrow\u00a0\u00bb use_row_as_full_screen_section=\u00a0\u00bbno\u00a0\u00bb type=\u00a0\u00bbgrid\u00a0\u00bb angled_section=\u00a0\u00bbno\u00a0\u00bb text_align=\u00a0\u00bbleft\u00a0\u00bb background_image_as_pattern=\u00a0\u00bbwithout_pattern\u00a0\u00bb z_index=\u00a0\u00bb\u00a0\u00bb][vc_column width=\u00a0\u00bb1\/2&Prime;][vc_column_text css=\u00a0\u00bb\u00a0\u00bb] Impressum Andrea Arcidiacono lic. oec. HSG Arcidiacono Consulting Partners GmbH Br\u00fcckfeldstrasse 40 CH- 3012 Berne Suisse a&#110;&#100;&#114;&#x65;&#x61;&#x40;ar&#99;&#105;&#x64;&#x69;&#x61;&#x63;on&#111;&#45;&#x63;&#x6f;&#x6e;&#x73;u&#108;&#116;&#105;&#x6e;&#x67;&#x2e;ch T\u00e9l. \u00a0 \u00a0 \u00a0 + 41 31 301 25 57 Mobile + 41 79 830 57 44&#8230;<\/p>\n","protected":false},"author":11,"featured_media":0,"parent":0,"menu_order":0,"comment_status":"closed","ping_status":"closed","template":"","meta":{"footnotes":""},"class_list":["post-26516","page","type-page","status-publish","hentry"],"_links":{"self":[{"href":"https:\/\/www.arcidiacono-consulting.ch\/fr\/wp-json\/wp\/v2\/pages\/26516","targetHints":{"allow":["GET"]}}],"collection":[{"href":"https:\/\/www.arcidiacono-consulting.ch\/fr\/wp-json\/wp\/v2\/pages"}],"about":[{"href":"https:\/\/www.arcidiacono-consulting.ch\/fr\/wp-json\/wp\/v2\/types\/page"}],"author":[{"embeddable":true,"href":"https:\/\/www.arcidiacono-consulting.ch\/fr\/wp-json\/wp\/v2\/users\/11"}],"replies":[{"embeddable":true,"href":"https:\/\/www.arcidiacono-consulting.ch\/fr\/wp-json\/wp\/v2\/comments?post=26516"}],"version-history":[{"count":12,"href":"https:\/\/www.arcidiacono-consulting.ch\/fr\/wp-json\/wp\/v2\/pages\/26516\/revisions"}],"predecessor-version":[{"id":29313,"href":"https:\/\/www.arcidiacono-consulting.ch\/fr\/wp-json\/wp\/v2\/pages\/26516\/revisions\/29313"}],"wp:attachment":[{"href":"https:\/\/www.arcidiacono-consulting.ch\/fr\/wp-json\/wp\/v2\/media?parent=26516"}],"curies":[{"name":"wp","href":"https:\/\/api.w.org\/{rel}","templated":true}]}}