{"id":26478,"date":"2019-03-23T12:12:43","date_gmt":"2019-03-23T11:12:43","guid":{"rendered":"https:\/\/www.arcidiacono-consulting.ch\/servizi\/"},"modified":"2019-05-13T08:47:02","modified_gmt":"2019-05-13T06:47:02","slug":"servizi","status":"publish","type":"page","link":"https:\/\/www.arcidiacono-consulting.ch\/it\/servizi\/","title":{"rendered":"Servizi"},"content":{"rendered":"<div class=\"wpb-content-wrapper\"><p>[vc_row css_animation=&#8221;&#8221; row_type=&#8221;row&#8221; use_row_as_full_screen_section=&#8221;no&#8221; type=&#8221;full_width&#8221; angled_section=&#8221;no&#8221; text_align=&#8221;left&#8221; background_image_as_pattern=&#8221;without_pattern&#8221;][vc_column width=&#8221;2\/3&#8243;][vc_column_text]<\/p>\n<h2>Plurilingue &#8211; dedicata &#8211; orientata alle soluzioni<\/h2>\n<p>La convivenza fra gruppi di popolazione di origine culturali e linguistiche diverse \u00e8 uno dei tratti distintivi della Svizzera. Per comunicare in modo efficace fra le varie regioni del paese \u00e8 indispensabile conoscere le molteplici mentalit\u00e0 e culture.<\/p>\n<p>L\u2019agenzia di comunicazione plurilingue Arcidiacono Consulting Partners nasce da un duplice desiderio: rafforzare le relazioni fra la Berna federale e la Svizzera italiana e migliorare la comprensione fra Svizzera e Italia.<\/p>\n<p>Arcidiacono Consulting Partners accompagna, consiglia e sostiene gli enti pubblici, le associazioni e le aziende nelle loro attivit\u00e0 di comunicazione e relazioni pubbliche dalla Svizzera Italiana a Berna e da Berna alla Svizzera italiana.[\/vc_column_text][\/vc_column][vc_column width=&#8221;1\/3&#8243;][vc_single_image image=&#8221;26910&#8243; img_size=&#8221;full&#8221; qode_css_animation=&#8221;&#8221;][vc_empty_space][\/vc_column][\/vc_row][vc_row css_animation=&#8221;&#8221; row_type=&#8221;row&#8221; use_row_as_full_screen_section=&#8221;no&#8221; type=&#8221;full_width&#8221; angled_section=&#8221;no&#8221; text_align=&#8221;left&#8221; background_image_as_pattern=&#8221;without_pattern&#8221;][vc_column][vc_empty_space][\/vc_column][\/vc_row][vc_row css_animation=&#8221;&#8221; row_type=&#8221;row&#8221; use_row_as_full_screen_section=&#8221;no&#8221; type=&#8221;full_width&#8221; angled_section=&#8221;no&#8221; text_align=&#8221;left&#8221; background_image_as_pattern=&#8221;without_pattern&#8221; z_index=&#8221;&#8221;][vc_column width=&#8221;2\/3&#8243; css=&#8221;.vc_custom_1551360896996{margin-right: 0px !important;margin-left: 0px !important;}&#8221;][vc_column_text css=&#8221;.vc_custom_1553339768138{margin-right: 0px !important;margin-left: 0px !important;}&#8221;]<\/p>\n<h2><strong>Comunicazione strategica <\/strong><\/h2>\n<ul>\n<li>Analisi SWOT: punti di forza e punti deboli; opportunit\u00e0 e rischi.<\/li>\n<li>Pianificazione e realizzazione di strategie di comunicazione.<\/li>\n<li>Creazione e sviluppo di servizi di comunicazione e media.<\/li>\n<li>Pianificazione e gestione di progetti di comunicazione in vari ambiti: ricerca, innovazione, salute, assicurazioni sociali, economia e finanza, diplomazia pubblica.<\/li>\n<li>Pianificazione e realizzazione di campagne per elezioni e votazioni.<\/li>\n<\/ul>\n<p>[\/vc_column_text][vc_empty_space][\/vc_column][vc_column width=&#8221;1\/3&#8243;][vc_single_image image=&#8221;25760&#8243; img_size=&#8221;full&#8221; qode_css_animation=&#8221;&#8221;][vc_empty_space][\/vc_column][\/vc_row][vc_row css_animation=&#8221;&#8221; row_type=&#8221;row&#8221; use_row_as_full_screen_section=&#8221;no&#8221; type=&#8221;grid&#8221; angled_section=&#8221;no&#8221; text_align=&#8221;left&#8221; background_image_as_pattern=&#8221;without_pattern&#8221; z_index=&#8221;&#8221;][vc_column width=&#8221;2\/3&#8243; css=&#8221;.vc_custom_1533911154321{background-position: center !important;background-repeat: no-repeat !important;background-size: cover !important;}&#8221; el_class=&#8221;text_inhalt_padding&#8221;][vc_column_text]<\/p>\n<h2><strong>Comunicazione operativa<\/strong><\/h2>\n<ul>\n<li>Realizzazione di piani di comunicazione: obiettivi, attivit\u00e0, strumenti, risorse e monitoraggio.<\/li>\n<li>Pianificazione, organizzazione e moderazione di eventi destinati ai media.<\/li>\n<li>Gestione mirata del servizio comunicazione in casi di carenza del personale.<\/li>\n<li>Produzione di contenuti: discorsi, infografiche, video esplicativi, schede informative e comunicati stampa.<\/li>\n<li>Pianificazione e organizzazione di eventi e conferenze.<\/li>\n<\/ul>\n<p>[\/vc_column_text][vc_empty_space][\/vc_column][vc_column width=&#8221;1\/3&#8243;][vc_single_image image=&#8221;26658&#8243; img_size=&#8221;full&#8221; qode_css_animation=&#8221;&#8221;][vc_empty_space][\/vc_column][\/vc_row][vc_row css_animation=&#8221;&#8221; row_type=&#8221;row&#8221; use_row_as_full_screen_section=&#8221;no&#8221; type=&#8221;grid&#8221; angled_section=&#8221;no&#8221; text_align=&#8221;left&#8221; background_image_as_pattern=&#8221;without_pattern&#8221; z_index=&#8221;&#8221;][vc_column width=&#8221;2\/3&#8243; css=&#8221;.vc_custom_1533911154321{background-position: center !important;background-repeat: no-repeat !important;background-size: cover !important;}&#8221; el_class=&#8221;text_inhalt_padding&#8221;][vc_column_text]<\/p>\n<h2><strong>Consulenza e coaching<\/strong><\/h2>\n<ul>\n<li>Comunicazione politica nell\u2019era della trasformazione. digitale.<\/li>\n<li>Parlare in pubblico con sicurezza e gioia.<\/li>\n<li>L\u2019arte di esprimersi in modo chiaro, coinciso e comprensibile.<\/li>\n<li>Facilitatore e creatore di contatti in politica, economia, ricerca, innovazione e media fra la Svizzera e l\u2019Italia.<\/li>\n<li><span lang=\"IT\">L\u2019arte del racconto musicale.<\/span><\/li>\n<\/ul>\n<p>[\/vc_column_text][vc_empty_space][\/vc_column][vc_column width=&#8221;1\/3&#8243;][vc_single_image image=&#8221;25764&#8243; img_size=&#8221;full&#8221; qode_css_animation=&#8221;&#8221;][vc_empty_space][\/vc_column][\/vc_row][vc_row css_animation=&#8221;&#8221; row_type=&#8221;row&#8221; use_row_as_full_screen_section=&#8221;no&#8221; type=&#8221;full_width&#8221; angled_section=&#8221;no&#8221; text_align=&#8221;left&#8221; background_image_as_pattern=&#8221;without_pattern&#8221; z_index=&#8221;&#8221;][vc_column][vc_empty_space height=&#8221;64px&#8221;][\/vc_column][\/vc_row]<\/p>\n<\/div>","protected":false},"excerpt":{"rendered":"<p>[vc_row css_animation=&#8221;&#8221; row_type=&#8221;row&#8221; use_row_as_full_screen_section=&#8221;no&#8221; type=&#8221;full_width&#8221; angled_section=&#8221;no&#8221; text_align=&#8221;left&#8221; background_image_as_pattern=&#8221;without_pattern&#8221;][vc_column width=&#8221;2\/3&#8243;][vc_column_text] Plurilingue &#8211; dedicata &#8211; orientata alle soluzioni La convivenza fra gruppi di popolazione di origine culturali e linguistiche diverse \u00e8 uno dei tratti distintivi della Svizzera. Per comunicare in modo efficace fra le varie regioni del&#8230;<\/p>\n","protected":false},"author":11,"featured_media":0,"parent":0,"menu_order":0,"comment_status":"closed","ping_status":"closed","template":"","meta":{"footnotes":""},"class_list":["post-26478","page","type-page","status-publish","hentry"],"_links":{"self":[{"href":"https:\/\/www.arcidiacono-consulting.ch\/it\/wp-json\/wp\/v2\/pages\/26478","targetHints":{"allow":["GET"]}}],"collection":[{"href":"https:\/\/www.arcidiacono-consulting.ch\/it\/wp-json\/wp\/v2\/pages"}],"about":[{"href":"https:\/\/www.arcidiacono-consulting.ch\/it\/wp-json\/wp\/v2\/types\/page"}],"author":[{"embeddable":true,"href":"https:\/\/www.arcidiacono-consulting.ch\/it\/wp-json\/wp\/v2\/users\/11"}],"replies":[{"embeddable":true,"href":"https:\/\/www.arcidiacono-consulting.ch\/it\/wp-json\/wp\/v2\/comments?post=26478"}],"version-history":[{"count":5,"href":"https:\/\/www.arcidiacono-consulting.ch\/it\/wp-json\/wp\/v2\/pages\/26478\/revisions"}],"predecessor-version":[{"id":27173,"href":"https:\/\/www.arcidiacono-consulting.ch\/it\/wp-json\/wp\/v2\/pages\/26478\/revisions\/27173"}],"wp:attachment":[{"href":"https:\/\/www.arcidiacono-consulting.ch\/it\/wp-json\/wp\/v2\/media?parent=26478"}],"curies":[{"name":"wp","href":"https:\/\/api.w.org\/{rel}","templated":true}]}}