{"id":26508,"date":"2019-03-25T15:44:13","date_gmt":"2019-03-25T14:44:13","guid":{"rendered":"https:\/\/www.arcidiacono-consulting.ch\/ritratto\/"},"modified":"2025-11-04T13:52:48","modified_gmt":"2025-11-04T12:52:48","slug":"ritratto","status":"publish","type":"page","link":"https:\/\/www.arcidiacono-consulting.ch\/it\/ritratto\/","title":{"rendered":"Chi siamo"},"content":{"rendered":"<div class=\"wpb-content-wrapper\"><p>[vc_row css_animation=&#8221;&#8221; row_type=&#8221;row&#8221; use_row_as_full_screen_section=&#8221;no&#8221; type=&#8221;grid&#8221; angled_section=&#8221;no&#8221; text_align=&#8221;left&#8221; background_image_as_pattern=&#8221;without_pattern&#8221; z_index=&#8221;&#8221;][vc_column width=&#8221;2\/3&#8243;][vc_column_text css=&#8221;&#8221; el_class=&#8221;text_inhalt_padding&#8221;]<\/p>\n<h2>Andrea Arcidiacono<\/h2>\n<p>Andrea Arcidiacono, nato a Bellinzona nel 1966, mette radici a Berna negli anni Novanta, dove acquisisce un\u2019esperienza pluriennale e poliedricanel campo della comunicazione istituzionale, delle relazioni pubbliche e dei media fra Svizzera e Italia.<\/p>\n<p>Dopo la licenza in economia aziendale all\u2019Universit\u00e0 di San Gallo (<strong>HSG<\/strong>) e alcune esperienze nel settore privato trasforma la sua passione per la scrittura in professione.<\/p>\n<p>Muove i primi passi nel mondo del giornalismo alla redazione di Bellinzona del Corriere del Ticino e poi a Berna come <strong>corrispondente da Palazzo federale<\/strong> per il <strong>Corriere del Ticino<\/strong> e per la Televisione della Svizzera italiana<strong> RSI<\/strong>.<\/p>\n<p>La passione per il sistema politico lo spingono ad avventurarsi nel mondo della comunicazione e dei media, come portavoce dei <strong>Consiglieri federali Ruth Dreifuss e Pascal Couchepin\u00a0<\/strong>al Dipartimento federale dell\u2019interno a Berna.<\/p>\n<p>Si specializza nella gestione di progetti complessi: dalla creazione del Servizio comunicazione e media all\u2019<strong>Universit\u00e0 della Svizzera italiana<\/strong>\u00a0a Lugano alla revisione della comunicazione interna ed esterna del <strong>Tribunale amministrativo federale <\/strong>a Berna<strong>.<\/strong><\/p>\n<p>Dal 2011 al 2015 lavora a <strong>Presenza Svizzera al Dipartimento federale degli affari esteri<\/strong>\u00a0a Berna in qualit\u00e0 di responsabile del programma di diplomazia pubblica \u00abVerso Expo 2015\u00bb e di capo della comunicazione del Padiglione svizzero all\u2019<strong>esposizione universale di Milano nel 2015<\/strong>. La Svizzera si distingue come paese responsabile e solidale nel campo dell\u2019alimentazione.<\/p>\n<p>Nel 2016 \u00e8 responsabile del programma di diplomazia pubblica <strong>\u00abGottardo 2016\u00bb<\/strong> in occasione dell\u2019apertura del tunnel ferroviario pi\u00f9 lungo del mondo. Il progetto del secolo <strong>NFTA<\/strong> ha permesso alla Svizzera di affermarsi come paese innovativo e sostenibile nel cuore dell\u2019Europa.<\/p>\n<p>Dal 2017 al 2018 \u00e8 attivo nel settore della salute in qualit\u00e0 di portavoce e consulente dell\u2019<strong>Ufficio federale della sanit\u00e0 pubblica<\/strong>\u00a0a Berna con un mandato di comunicazione a tempo determinato.<\/p>\n<p>Nel 2019 ha fondato con due soci l\u2019agenzia di comunicazione plurilingue Arcidiacono Consulting Partners con sede a Berna.<\/p>\n<p>Da ottobre 2024 a marzo 2025 ha lavorato come <strong>vice-cancelliere e portavoce del Consiglio federale <\/strong>per riprendere in seguito nel 2025 l\u2019attivit\u00e0 in qualit\u00e0 di socio e direttore dell\u2019Arcidiacono Consulting Partners.[\/vc_column_text][vc_empty_space height=&#8221;16px&#8221;][vc_column_text css=&#8221;&#8221; el_class=&#8221;cellspacing_pub&#8221;]<\/p>\n<table class=\"table_beitraege\" style=\"width: 100%; border-collapse: collapse;\" border=\"0\" cellspacing=\"4%\">\n<tbody>\n<tr>\n<td style=\"width: 16%; text-align: left; vertical-align: middle;\"><a href=\"https:\/\/www.arcidiacono-consulting.ch\/wp-content\/uploads\/2025\/07\/250620-cv-short-ITA.pdf\" target=\"_blank\" rel=\"noopener noreferrer\"><img loading=\"lazy\" decoding=\"async\" class=\"alignnone wp-image-25476 size-full\" src=\"https:\/\/www.arcidiacono-consulting.ch\/wp-content\/uploads\/2019\/01\/img_arcidiacono_button_pdf.png\" alt=\"\" width=\"158\" height=\"158\" srcset=\"https:\/\/www.arcidiacono-consulting.ch\/wp-content\/uploads\/2019\/01\/img_arcidiacono_button_pdf.png 158w, https:\/\/www.arcidiacono-consulting.ch\/wp-content\/uploads\/2019\/01\/img_arcidiacono_button_pdf-150x150.png 150w\" sizes=\"auto, (max-width: 158px) 100vw, 158px\" \/><\/a><\/td>\n<td style=\"width: 84%; text-align: left; vertical-align: middle;\">\n<h2><a href=\"https:\/\/www.arcidiacono-consulting.ch\/wp-content\/uploads\/2025\/07\/250620-cv-short-ITA.pdf\" target=\"_blank\" rel=\"noopener\">Curriculum vitae Arcidiacono Andrea<\/a><\/h2>\n<\/td>\n<\/tr>\n<\/tbody>\n<\/table>\n<p>[\/vc_column_text][vc_empty_space][\/vc_column][vc_column width=&#8221;1\/3&#8243;][vc_single_image image=&#8221;25777&#8243; img_size=&#8221;full&#8221; qode_css_animation=&#8221;&#8221;][vc_empty_space][vc_row_inner row_type=&#8221;row&#8221; use_as_box=&#8221;use_row_as_box&#8221; type=&#8221;full_width&#8221; text_align=&#8221;left&#8221; row_negative_margin=&#8221;disable_negative_margin&#8221; css_animation=&#8221;&#8221; css=&#8221;.vc_custom_1551362280314{margin-right: 0px !important;margin-left: 0px !important;}&#8221;][vc_column_inner css=&#8221;.vc_custom_1551349282305{background-color: #375ab4 !important;}&#8221;][vc_empty_space][vc_column_text css=&#8221;.vc_custom_1551364798684{padding-top: 20px !important;padding-bottom: 20px !important;padding-left: 36px !important;}&#8221; el_class=&#8221;blue_box&#8221;]<\/p>\n<h2>\u00abIl presidente \u00e8 il primo dei servitori.\u00bb<\/h2>\n<h2><\/h2>\n<h2>Mahatma Gandhi<\/h2>\n<p>[\/vc_column_text][vc_empty_space][\/vc_column_inner][\/vc_row_inner][\/vc_column][\/vc_row][vc_row css_animation=&#8221;&#8221; row_type=&#8221;row&#8221; use_row_as_full_screen_section=&#8221;no&#8221; type=&#8221;full_width&#8221; angled_section=&#8221;no&#8221; text_align=&#8221;left&#8221; background_image_as_pattern=&#8221;without_pattern&#8221;][vc_column][vc_separator type=&#8221;normal&#8221; color=&#8221;#eafaff&#8221; thickness=&#8221;1px&#8221; up=&#8221;32&#8243; down=&#8221;32&#8243;][\/vc_column][\/vc_row][vc_row css_animation=&#8221;&#8221; row_type=&#8221;row&#8221; use_row_as_full_screen_section=&#8221;no&#8221; type=&#8221;grid&#8221; angled_section=&#8221;no&#8221; text_align=&#8221;left&#8221; background_image_as_pattern=&#8221;without_pattern&#8221; z_index=&#8221;&#8221;][vc_column width=&#8221;2\/3&#8243;][vc_column_text el_class=&#8221;text_inhalt_padding&#8221;]<\/p>\n<h2>Pascal Coullery<\/h2>\n<p>Pascal Coullery \u00e8 nato il 6 ottobre 1963 a Berna, dove \u00e8 cresciuto. Ha studiato diritto all\u2019Universit\u00e0 di Berna, dove ha conseguito il dottorato nel 1992 con una tesi sul diritto all\u2019assistenza sociale. Dal 1994 al 2002 ha lavorato dapprima come consigliere specializzato nel settore delle assicurazioni sociali e poi come collaboratore personale della Consigliera federale Ruth Dreifuss.<\/p>\n<p>Ha lavorato poi per tre anni come capo della sezione Legislazione e basi nel settore dell\u2019assicurazione malattie e dell\u2019assicurazione infortuni del Dipartimento federale dell&#8217;interno. Pascal Coullery ha proseguito la sua carriera nel 2006 al Dipartimento della salute pubblica e della previdenza sociale del canton Berna, dove ha ricoperto fino al 2016 la carica di Segretario generale e capo del settore della previdenza sociale.<\/p>\n<p>Dopo due anni come capo di stato maggiore dell&#8217;Ufficio federale delle assicurazioni sociali, all&#8217;inizio del 2018 Pascal Coullery ha iniziato una nuova attivit\u00e0 alla Scuola universitaria professionale di Berna, dove svolge attivit\u00e0 di ricerca e insegnamento al Dipartimento del lavoro sociale. \u00c8 sposato e ha due figli.[\/vc_column_text][vc_empty_space height=&#8221;16px&#8221;][vc_column_text el_class=&#8221;cellspacing_pub&#8221;]<\/p>\n<table class=\"table_beitraege\" style=\"width: 100%; border-collapse: collapse;\" border=\"0\" cellspacing=\"4%\">\n<tbody>\n<tr>\n<td style=\"width: 16%; text-align: left; vertical-align: middle;\"><a href=\"https:\/\/www.arcidiacono-consulting.ch\/wp-content\/uploads\/2019\/04\/PASCAL_COULLERY_KURZ_CV_I.pdf\" target=\"_blank\" rel=\"noopener noreferrer\"><img loading=\"lazy\" decoding=\"async\" class=\"alignnone wp-image-25476 size-full\" src=\"https:\/\/www.arcidiacono-consulting.ch\/wp-content\/uploads\/2019\/01\/img_arcidiacono_button_pdf.png\" alt=\"\" width=\"158\" height=\"158\" srcset=\"https:\/\/www.arcidiacono-consulting.ch\/wp-content\/uploads\/2019\/01\/img_arcidiacono_button_pdf.png 158w, https:\/\/www.arcidiacono-consulting.ch\/wp-content\/uploads\/2019\/01\/img_arcidiacono_button_pdf-150x150.png 150w\" sizes=\"auto, (max-width: 158px) 100vw, 158px\" \/><\/a><\/td>\n<td style=\"width: 84%; text-align: left; vertical-align: middle;\">\n<h2><a href=\"https:\/\/www.arcidiacono-consulting.ch\/wp-content\/uploads\/2019\/04\/PASCAL_COULLERY_KURZ_CV_I.pdf\" target=\"_blank\" rel=\"noopener noreferrer\">CV_Coullery_Pascal<\/a><\/h2>\n<\/td>\n<\/tr>\n<\/tbody>\n<\/table>\n<p>[\/vc_column_text][vc_empty_space][\/vc_column][vc_column width=&#8221;1\/3&#8243;][vc_single_image image=&#8221;26858&#8243; img_size=&#8221;full&#8221; qode_css_animation=&#8221;&#8221;][vc_empty_space][vc_row_inner row_type=&#8221;row&#8221; use_as_box=&#8221;use_row_as_box&#8221; type=&#8221;full_width&#8221; text_align=&#8221;left&#8221; row_negative_margin=&#8221;disable_negative_margin&#8221; css_animation=&#8221;&#8221; css=&#8221;.vc_custom_1551362280314{margin-right: 0px !important;margin-left: 0px !important;}&#8221;][vc_column_inner css=&#8221;.vc_custom_1551349282305{background-color: #375ab4 !important;}&#8221;][vc_empty_space][vc_column_text css=&#8221;.vc_custom_1555255600447{padding-top: 20px !important;padding-bottom: 20px !important;padding-left: 36px !important;}&#8221; el_class=&#8221;blue_box&#8221;]<\/p>\n<h2>\u00abOstacoli e difficolt\u00e0 sono gradini su cui saliamo.\u00bb<\/h2>\n<h2>Friedrich Nietzsche<\/h2>\n<h2><\/h2>\n<p>[\/vc_column_text][vc_empty_space][\/vc_column_inner][\/vc_row_inner][\/vc_column][\/vc_row][vc_row css_animation=&#8221;&#8221; row_type=&#8221;row&#8221; use_row_as_full_screen_section=&#8221;no&#8221; type=&#8221;full_width&#8221; angled_section=&#8221;no&#8221; text_align=&#8221;left&#8221; background_image_as_pattern=&#8221;without_pattern&#8221;][vc_column][vc_separator type=&#8221;normal&#8221; color=&#8221;#eafaff&#8221; up=&#8221;32&#8243; down=&#8221;32&#8243;][\/vc_column][\/vc_row][vc_row css_animation=&#8221;&#8221; row_type=&#8221;row&#8221; use_row_as_full_screen_section=&#8221;no&#8221; type=&#8221;grid&#8221; angled_section=&#8221;no&#8221; text_align=&#8221;left&#8221; background_image_as_pattern=&#8221;without_pattern&#8221; z_index=&#8221;&#8221;][vc_column width=&#8221;2\/3&#8243;][vc_column_text el_class=&#8221;text_inhalt_padding&#8221;]<\/p>\n<h2>Felix Rickenbacher<\/h2>\n<p>Felix Rickenbacher, nato e cresciuto a Zurigo, ha studiato informatica aziendale all&#8217;Universit\u00e0 di Zurigo.<br \/>\nA UBS ha potuto applicare e ampliare ulteriormente le sue conoscenze informatiche in diversi settori della grande banca.<\/p>\n<p>Si \u00e8 in particolare specializzato nell\u2019implementazione di soluzioni di workflow basate sul web per settori come il credito, la tesoreria o l&#8217;approvvigionamento informatico. Nella divisione Clienti aziendali e istituzionali \u00e8 stato anche responsabile delle relazioni d&#8217;affari con le banche svizzere.<\/p>\n<p>Con la fondazione e la gestione di Valebit AG, Felix Rickenbacher ha proseguito la sua carriera professionale nel settore della consulenza. Questa azienda \u00e8 specializzata nella realizzazione di soluzioni IT nel settore finanziario.<\/p>\n<p>Attraverso il partenariato con addexpert Felix Rickenbacher ha ampliato l&#8217;attivit\u00e0 di consulenza nel settore del reclutamento di specialisti e dirigenti.[\/vc_column_text][vc_empty_space height=&#8221;16px&#8221;][vc_column_text el_class=&#8221;cellspacing_pub&#8221;]<\/p>\n<table class=\"table_beitraege\" style=\"width: 100%; border-collapse: collapse;\" border=\"0\" cellspacing=\"4%\">\n<tbody>\n<tr>\n<td style=\"width: 16%; text-align: left; vertical-align: middle;\"><a href=\"https:\/\/www.arcidiacono-consulting.ch\/wp-content\/uploads\/2019\/04\/CV_Felix_Rickenbacher_I_short.pdf\" target=\"_blank\" rel=\"noopener noreferrer\"><img loading=\"lazy\" decoding=\"async\" class=\"alignnone wp-image-25476 size-full\" src=\"https:\/\/www.arcidiacono-consulting.ch\/wp-content\/uploads\/2019\/01\/img_arcidiacono_button_pdf.png\" alt=\"\" width=\"158\" height=\"158\" srcset=\"https:\/\/www.arcidiacono-consulting.ch\/wp-content\/uploads\/2019\/01\/img_arcidiacono_button_pdf.png 158w, https:\/\/www.arcidiacono-consulting.ch\/wp-content\/uploads\/2019\/01\/img_arcidiacono_button_pdf-150x150.png 150w\" sizes=\"auto, (max-width: 158px) 100vw, 158px\" \/><\/a><\/td>\n<td style=\"width: 84%; text-align: left; vertical-align: middle;\">\n<h2><a href=\"https:\/\/www.arcidiacono-consulting.ch\/wp-content\/uploads\/2019\/04\/CV_Felix_Rickenbacher_I_short.pdf\" target=\"_blank\" rel=\"noopener noreferrer\">CV_Rickenbacher_Felix<\/a><\/h2>\n<\/td>\n<\/tr>\n<\/tbody>\n<\/table>\n<p>[\/vc_column_text][vc_empty_space][\/vc_column][vc_column width=&#8221;1\/3&#8243;][vc_single_image image=&#8221;26562&#8243; img_size=&#8221;full&#8221; qode_css_animation=&#8221;&#8221;][vc_empty_space][vc_row_inner row_type=&#8221;row&#8221; use_as_box=&#8221;use_row_as_box&#8221; type=&#8221;full_width&#8221; text_align=&#8221;left&#8221; row_negative_margin=&#8221;disable_negative_margin&#8221; css_animation=&#8221;&#8221; css=&#8221;.vc_custom_1551362280314{margin-right: 0px !important;margin-left: 0px !important;}&#8221;][vc_column_inner css=&#8221;.vc_custom_1551349282305{background-color: #375ab4 !important;}&#8221;][vc_empty_space][vc_column_text css=&#8221;.vc_custom_1555309536949{padding-top: 20px !important;padding-bottom: 20px !important;padding-left: 36px !important;}&#8221; el_class=&#8221;blue_box&#8221;]<\/p>\n<h2>\u00abLa musica \u00e8 il suono che pensa.\u00bb<\/h2>\n<h2><\/h2>\n<h2>Viktor Hugo<\/h2>\n<p>[\/vc_column_text][vc_empty_space][\/vc_column_inner][\/vc_row_inner][\/vc_column][\/vc_row][vc_row css_animation=&#8221;&#8221; row_type=&#8221;row&#8221; use_row_as_full_screen_section=&#8221;no&#8221; type=&#8221;full_width&#8221; angled_section=&#8221;no&#8221; text_align=&#8221;left&#8221; background_image_as_pattern=&#8221;without_pattern&#8221;][vc_column][vc_empty_space height=&#8221;64px&#8221;][\/vc_column][\/vc_row]<\/p>\n<\/div>","protected":false},"excerpt":{"rendered":"<p>[vc_row css_animation=&#8221;&#8221; row_type=&#8221;row&#8221; use_row_as_full_screen_section=&#8221;no&#8221; type=&#8221;grid&#8221; angled_section=&#8221;no&#8221; text_align=&#8221;left&#8221; background_image_as_pattern=&#8221;without_pattern&#8221; z_index=&#8221;&#8221;][vc_column width=&#8221;2\/3&#8243;][vc_column_text css=&#8221;&#8221; el_class=&#8221;text_inhalt_padding&#8221;] Andrea Arcidiacono Andrea Arcidiacono, nato a Bellinzona nel 1966, mette radici a Berna negli anni Novanta, dove acquisisce un\u2019esperienza pluriennale e poliedricanel campo della comunicazione istituzionale, delle relazioni pubbliche e dei media fra&#8230;<\/p>\n","protected":false},"author":11,"featured_media":0,"parent":0,"menu_order":0,"comment_status":"closed","ping_status":"closed","template":"","meta":{"footnotes":""},"class_list":["post-26508","page","type-page","status-publish","hentry"],"_links":{"self":[{"href":"https:\/\/www.arcidiacono-consulting.ch\/it\/wp-json\/wp\/v2\/pages\/26508","targetHints":{"allow":["GET"]}}],"collection":[{"href":"https:\/\/www.arcidiacono-consulting.ch\/it\/wp-json\/wp\/v2\/pages"}],"about":[{"href":"https:\/\/www.arcidiacono-consulting.ch\/it\/wp-json\/wp\/v2\/types\/page"}],"author":[{"embeddable":true,"href":"https:\/\/www.arcidiacono-consulting.ch\/it\/wp-json\/wp\/v2\/users\/11"}],"replies":[{"embeddable":true,"href":"https:\/\/www.arcidiacono-consulting.ch\/it\/wp-json\/wp\/v2\/comments?post=26508"}],"version-history":[{"count":12,"href":"https:\/\/www.arcidiacono-consulting.ch\/it\/wp-json\/wp\/v2\/pages\/26508\/revisions"}],"predecessor-version":[{"id":29339,"href":"https:\/\/www.arcidiacono-consulting.ch\/it\/wp-json\/wp\/v2\/pages\/26508\/revisions\/29339"}],"wp:attachment":[{"href":"https:\/\/www.arcidiacono-consulting.ch\/it\/wp-json\/wp\/v2\/media?parent=26508"}],"curies":[{"name":"wp","href":"https:\/\/api.w.org\/{rel}","templated":true}]}}