{"id":26510,"date":"2019-03-25T15:49:18","date_gmt":"2019-03-25T14:49:18","guid":{"rendered":"https:\/\/www.arcidiacono-consulting.ch\/impressum-protezione-dei-dati\/"},"modified":"2025-10-10T10:01:26","modified_gmt":"2025-10-10T08:01:26","slug":"impressum-protezione-dei-dati","status":"publish","type":"page","link":"https:\/\/www.arcidiacono-consulting.ch\/it\/impressum-protezione-dei-dati\/","title":{"rendered":"Impressum\/Protezione dei dati"},"content":{"rendered":"<div class=\"wpb-content-wrapper\"><p>[vc_row css_animation=&#8221;&#8221; row_type=&#8221;row&#8221; use_row_as_full_screen_section=&#8221;no&#8221; type=&#8221;grid&#8221; angled_section=&#8221;no&#8221; text_align=&#8221;left&#8221; background_image_as_pattern=&#8221;without_pattern&#8221; z_index=&#8221;&#8221;][vc_column width=&#8221;1\/2&#8243;][vc_column_text css=&#8221;&#8221;]<\/p>\n<h2>Impressum<\/h2>\n<p>Andrea Arcidiacono<br \/>\nlic. oec. HSG<br \/>\nArcidiacono Consulting Partners GmbH<br \/>\nBr\u00fcckfeldstrasse 40<br \/>\nCH- 3012 Berna<br \/>\nSvizzera<br \/>\n<a href=\"&#x6d;a&#x69;&#108;t&#x6f;&#58;&#x61;&#x6e;d&#x72;&#101;a&#x40;&#97;&#x72;&#99;i&#x64;&#105;a&#x63;&#111;&#x6e;&#111;-&#x63;&#111;&#x6e;&#x73;u&#x6c;&#116;i&#x6e;&#103;&#x2e;&#x63;h\">&#97;&#x6e;d&#114;&#x65;&#97;&#x40;a&#114;&#x63;i&#x64;&#x69;&#97;&#x63;o&#110;&#x6f;-&#x63;&#x6f;&#110;&#x73;u&#108;&#x74;&#105;&#x6e;g&#46;&#x63;h<\/a><\/p>\n<p>Telefono + 41 31 301 25 57<br \/>\nCellulare + 41 79 830 57 44<\/p>\n<p>Numero di identificazione delle imprese<br \/>\n<a href=\"https:\/\/www.uid.admin.ch\/Detail.aspx?uid_id=CHE-331.964.668&amp;lang=it\">UID CHE-331.964.668<\/a><br \/>\n<a href=\"https:\/\/www.zefix.ch\/it\/search\/entity\/list\/firm\/1391302\" target=\"_blank\" rel=\"noopener\">Estratto dal registro di commercio \u2013 SHAB <\/a>(non ha alcun effetto giuridico e tutti i dati e riferimenti sono senza garanzia)<\/p>\n<p>Fotografie:<\/p>\n<p>\u00a9 <a href=\"http:\/\/www.lunax.ch\/portfolio?devenes\">B\u00e9atrice Dev\u00e8nes,<\/a> ritratto Andrea Arcidiacono<br \/>\n\u00a9 \u00a0<a href=\"http:\/\/www.linkedin.com\/in\/arcidiaconoandrea\">Andrea Arcidiacono,<\/a> altre immagini<br \/>\n\u00a9 <a href=\"http:\/\/www.fotolabojob.ch\/massimo.html\">Massimo Pacciorini-Job,<\/a>\u00a0castello Montebello con arcobaleno Bellinzona<\/p>\n<p>Concetto e grafica: : <a href=\"http:\/\/www.wapico.ch\" target=\"_blank\" rel=\"noopener noreferrer\">www.wapico.ch<\/a><br \/>\nSviluppo sito web: \u00a0\u00a0<a href=\"http:\/\/www.kyramarios.com\">www.kyramarios.com<\/a><\/p>\n<p>&nbsp;<\/p>\n<h2>Informativa sulla protezione dei dati<\/h2>\n<p>L\u2019organo competente ai sensi della Legge sulla protezione dei dati, in particolare del Regolamento generale sulla protezione dei dati dell\u2019UE (GDPR) \u00e8:<\/p>\n<p>&nbsp;<\/p>\n<p>Arcidiacono Consulting Partners GmbH<br \/>\nAndrea Arcidiacono<br \/>\nBr\u00fcckfeldstrasse 40<br \/>\n3012 Bern<\/p>\n<p>Telefono: 0041 79 830 57 44<br \/>\nE-mail: &#97;&#x6e;&#x64;r&#101;&#x61;&#64;&#97;&#x72;&#x63;&#105;&#x64;&#x69;a&#99;&#x6f;n&#111;&#x2e;&#x6c;&#111;&#x63;&#x61;l<br \/>\nSito web: <a href=\"https:\/\/www.arcidiacono-consulting.ch\/it\/\">https:\/\/www.arcidiacono-consulting.ch\/<\/a><\/p>\n<p>&nbsp;<\/p>\n<h2><span lang=\"it\">Informazioni generali<\/span><\/h2>\n<p>Ai sensi dell\u2019articolo 13 della Costituzione federale e secondo le disposizioni legali della Confederazione svizzera sulla protezione dei dati, ogni persona ha diritto alla tutela della propria sfera privata e alla protezione da un abuso dei propri dati personali. I gestori di queste pagine prendono molto seriamente la protezione dei suoi dati personali. Trattiamo i suoi dati personali con riservatezza e ai sensi delle norme giuridiche sulla protezione dei dati nonch\u00e9 della presente Informativa.<br \/>\nIn collaborazione con i nostri hosting-provider, ci impegniamo a proteggere nel miglior modo possibile le banche dati da intrusioni esterne, perdite, abusi o falsificazioni.<br \/>\nTeniamo a far presente che la trasmissione di dati su internet (ad esempio quando si comunica via e-mail) potrebbe presentare delle lacune in materia di sicurezza. Una protezione dei dati che escluda con assoluta certezza l\u2019accesso da parte di terzi non \u00e8 possibile.<br \/>\nUtilizzando il presente sito web lei presta il consenso alla raccolta, al trattamento e all\u2019uso dei dati ai sensi della seguente descrizione. In linea generale, \u00e8 possibile visitare il presente sito web senza registrazione. Nel fare ci\u00f2 i dati, come per esempio le pagine o i nomi dei file richiamati, la data e l\u2019ora, vengono conservati sul server con finalit\u00e0 statistiche senza che questi dati vengano associati direttamente alla sua persona. I dati personali, in particolare nome, indirizzo o indirizzo e-mail vengono raccolti su base volontaria, nei limiti del possibile. Senza il suo consenso, i dati non vengono trasmessi a terze parti.<\/p>\n<h2><span lang=\"it\">Trattamento dei dati personali<\/span><\/h2>\n<p>I dati personali sono tutte le informazioni relative a persone identificate o identificabili. Un interessato \u00e8 una persona i cui dati personali sono oggetto di trattamento. Con trattamento si intende qualsiasi operazione relativa ai dati personali, indipendentemente dai mezzi e dalle procedure impiegati, in particolare la conservazione, la divulgazione, l\u2019acquisizione, la cancellazione, l\u2019archiviazione, la modifica, la distruzione e l\u2019utilizzo di dati personali.<br \/>\nTrattiamo i dati personali in conformit\u00e0 alla legge svizzera sulla protezione dei dati personali. Per il resto, laddove \u00e8 applicabile il regolamento europeo sulla protezione dei dati (GDPR) dell\u2019UE, trattiamo i dati personali secondo le seguenti basi giuridiche in relazione all\u2019art. 6, comma 1 del GDPR:<br \/>\nlett. a) Trattamento dei dati personali con consenso da parte dell\u2019interessato.<br \/>\nlett. b) Trattamento dei dati personali per l\u2019esecuzione di un contratto con l\u2019interessato o per lo svolgimento delle relative attivit\u00e0 precontrattuali.<br \/>\nlett. c) Trattamento dei dati personali per l\u2019adempimento di un obbligo di legge, al quale siamo soggetti ai sensi della legge comunitaria eventualmente applicabile o della legge eventualmente applicabile di un Paese in cui il GDPR \u00e8 applicabile\u00a0completamente o parzialmente.<br \/>\nlett. d) Trattamento dei dati personali per proteggere gli interessi vitali dell\u2019interessato o di un\u2019altra persona fisica.<br \/>\nlett. f) Trattamento dei dati personali per proteggere i nostri legittimi interessi o quelli di terzi, a meno che non prevalgano le libert\u00e0 e i diritti fondamentali nonch\u00e9 gli interessi dell\u2019interessato. I legittimi interessi sono in particolare il nostro interesse commerciale nel poter mettere a disposizione il nostro sito web, la sicurezza delle informazioni, l\u2019esercizio dei nostri diritti legali e il rispetto del diritto svizzero.<br \/>\nTrattiamo i dati personali per la durata necessaria alla rispettiva o alle rispettive finalit\u00e0. In caso di obblighi di conservazione di maggiore durata dovuti a obblighi di legge o ad altri obblighi a cui siamo soggetti, limitiamo il trattamento di conseguenza.<\/p>\n<h2>Informativa sulla protezione dei dati per i cookies<\/h2>\n<p><span lang=\"it\">Il presente sito web utilizza cookie, piccoli file di testo che consentono di memorizzare informazioni specifiche e relative all\u2019utente sul suo dispositivo durante l\u2019utilizzo del sito web. I cookie consentono in particolare di determinare la frequenza di utilizzo e il numero di utenti delle pagine, di analizzare il comportamento di utilizzo delle pagine, ma anche di impostare la nostra offerta a misura di utente.<span class=\"apple-converted-space\">\u00a0<\/span>I cookie rimangono memorizzati anche una volta terminata la sessione del browser e possono essere richiamati quando si visita nuovamente il sito. Per evitare ci\u00f2, \u00e8 necessario impostare il browser internet in modo che impedisca al dispositivo di accettare i cookie.<\/span><\/p>\n<p><span lang=\"it\">Un\u2019opposizione generale all\u2019uso dei cookie per scopi di marketing online pu\u00f2 essere sollevata per numerosi servizi, in particolare nel caso del tracciamento, attraverso il sito web statunitense<span class=\"apple-converted-space\">\u00a0<\/span><\/span><span lang=\"IT-CH\"><a href=\"http:\/\/www.aboutads.info\/choices\/\" target=\"_blank\" rel=\"noopener\"><span lang=\"it\">http:\/\/www.aboutads.info\/choices\/<\/span><\/a><\/span><span class=\"apple-converted-space\"><span lang=\"it\">\u00a0<\/span><\/span><span lang=\"it\">o sul sito UE<span class=\"apple-converted-space\">\u00a0<\/span><\/span><span lang=\"IT-CH\"><a href=\"http:\/\/www.youronlinechoices.com\/\" target=\"_blank\" rel=\"noopener\"><span lang=\"it\">http:\/\/www.youronlinechoices.com\/<\/span><\/a><\/span><span class=\"apple-converted-space\"><span lang=\"it\">\u00a0<\/span><\/span><span lang=\"it\">. Inoltre, la memorizzazione dei cookie pu\u00f2 essere impedita disattivandoli nelle impostazioni del browser. Si prega di notare che in questo caso non potranno essere utilizzate appieno tutte le funzionalit\u00e0 di questa offerta online.<\/span><\/p>\n<h2>Informativa sulla protezione dei dati per la crittografia SSL<\/h2>\n<p>Questo sito web utilizza la crittografia SSL per motivi di sicurezza e per proteggere la trasmissione di contenuti riservati come, per esempio, le richieste che ci inviate in qualit\u00e0 di gestori del sito. Una connessione criptata si riconosce dal fatto che la barra degli indirizzi del browser cambia da &#8220;http:\/\/&#8221; a &#8220;https:\/\/&#8221; e dal simbolo del lucchetto che compare nella barra del browser.<br \/>\nL\u2019attivazione della crittografia SSL fa in modo che i dati che ci trasmette non possano essere letti da terzi.<\/p>\n<h2><span lang=\"it\">Informativa sulla protezione dei dati per file di log del server<\/span><\/h2>\n<p>Il provider di questo sito web rileva e memorizza automaticamente le informazioni nei cosiddetti file di log del server che il vostro browser ci invia automaticamente. Tali informazioni sono:<\/p>\n<ul>\n<li>tipo e versione del browser<\/li>\n<li>sistema operativo utilizzato<\/li>\n<li>referrer URL<\/li>\n<li>nome host del computer che effettua l\u2019accesso<\/li>\n<li>ora della richiesta al server<\/li>\n<\/ul>\n<p>Tali dati non sono associabili a determinate persone. Non ha luogo alcuna associazione di tali dati con altre fonti di dati. Ci riserviamo di verificare successivamente i dati qualora dovessimo venire a conoscenza di indizi concreti di un uso illecito.<\/p>\n<h2>Informativa sulla protezione dei dati per il modulo di contatto<\/h2>\n<p><span lang=\"it\">Se lei ci invia richieste mediante il modulo di contatto, i dati presenti nel modulo di richiesta, inclusi i dati di contatto da lei inseriti, saranno da noi conservati a fini dell\u2019elaborazione della richiesta e nel caso di domande successive. Questi dati non saranno inoltrati senza il suo consenso.<\/span><\/p>\n<h2>Informativa sulla protezione dei dati per Google Analytics<\/h2>\n<p><span lang=\"it\">Questo sito web utilizza Google Analytics, un servizio di analisi web di Google Inc., 1600 Amphitheatre Parkway, Mountain View, CA 94043, USA. Per la disattivazione di Google Analytics, Google mette a disposizione un plugin del browser all\u2019indirizzo<span class=\"apple-converted-space\">\u00a0<\/span><\/span><span lang=\"IT-CH\"><a href=\"https:\/\/tools.google.com\/dlpage\/gaoptout?hl=de\" target=\"_blank\" rel=\"noopener\"><span lang=\"it\">https:\/\/tools.google.com\/dlpage\/gaoptout?hl=de<\/span><\/a><\/span><span lang=\"it\">. Google Analytics utilizza cookie, piccoli file di testo che permettono di memorizzare informazioni specifiche e relative all\u2019utente sul suo dispositivo, consentendo l\u2019analisi dell\u2019utilizzo della nostra offerta web da parte di Google. Le informazioni registrate dal cookie sull\u2019utilizzo delle nostre pagine (incluso il suo indirizzo IP) vengono in genere trasmesse a un server di Google negli USA e ivi memorizzate. Avvertiamo che il presente sito internet utilizza Google Analytics con l\u2019estensione \u201cgat._anonymizeIP();\u201d per garantire una raccolta anonimizzata degli indirizzi IP (la cosiddetta mascheratura dell\u2019indirizzo IP). Se l\u2019anonimizzazione \u00e8 attiva, Google abbrevia gli indirizzi IP all\u2019interno degli Stati membri dell\u2019Unione Europea o in altri Stati facenti parte dell\u2019Accordo sullo Spazio economico europeo e pertanto sar\u00e0 impossibile risalire alla sua identit\u00e0. Solo in casi eccezionali l\u2019indirizzo IP completo viene trasmesso a un server di Google negli USA e ivi abbreviato. Google aderisce alle norme relative alla protezione dei dati dell\u2019accordo \u201cPrivacy Shield\u201d, \u00e8 registrato al programma del \u201cPrivacy Shield\u201d del Ministero del commercio USA e utilizza le informazioni raccolte per valutare l\u2019utilizzo del nostro sito web, per compilare per noi i relativi report e per fornirci altri servizi collegati all\u2019utilizzo del sito web. Ulteriori informazioni sono disponibili alla pagina<span class=\"apple-converted-space\">\u00a0<\/span><\/span><span lang=\"IT-CH\"><a href=\"https:\/\/support.google.com\/analytics\/answer\/6004245?hl=de\" target=\"_blank\" rel=\"noopener\"><span lang=\"it\">https:\/\/support.google.com\/analytics\/answer\/6004245?hl=de<\/span><\/a><\/span><span lang=\"it\">.<\/span><\/p>\n<h2>Informativa sulla protezione dei dati per Facebook<\/h2>\n<p><span lang=\"it\">Il presente sito web utilizza le funzioni di Facebook Inc., 1601 S. California Ave, Palo Alto, CA 94304, USA. Quando un utente visita il nostro sito con i plug-in di Facebook, viene stabilita una connessione tra il suo browser e i server di Facebook. Facendo questo vengono gi\u00e0 trasmessi dei dati a Facebook. Se lei ha un account Facebook, questi dati possono essere associati. Se non vuole che tali dati vengano associati al suo account Facebook, la preghiamo di disconnettersi da Facebook prima di visitare la nostra pagina. Anche le interazioni, in particolare l\u2019utilizzo della funzione commento o quando si clicca sui tasti \u201cMi piace\u201d o \u201cCondividi\u201d, vengono inoltrate a Facebook. Ulteriori informazioni sono disponibili alla pagina<span class=\"apple-converted-space\">\u00a0<\/span><\/span><span lang=\"DE\"><a href=\"https:\/\/de-de.facebook.com\/about\/privacy\" target=\"_blank\" rel=\"noopener\"><span lang=\"it\">https:\/\/de-de.facebook.com\/about\/privacy<\/span><\/a><\/span><span lang=\"it\">.<\/span><\/p>\n<h2>Informativa sulla protezione dei dati per Twitter<\/h2>\n<p><span lang=\"it\">Il presente sito web utilizza le funzioni di Twitter, Inc., 1355 Market St, Suite 900, San Francisco, CA 94103, USA. Quando un utente visita il nostro sito con i plug-in di Twitter, viene stabilita una connessione tra il suo browser e i server di Twitter. Facendo questo vengono gi\u00e0 trasmessi dei dati a Twitter. Se lei ha un account Twitter, questi dati possono essere associati. Se non vuole che tali dati vengano associati al suo account Twitter, la preghiamo di disconnettersi da Twitter prima di visitare la nostra pagina. Anche le interazioni, in particolare quando si clicca sul tasto \u201dRe-Twitt\u201d vengono inoltrate a Twitter. Ulteriori informazioni sono disponibili alla pagina<span class=\"apple-converted-space\">\u00a0<\/span><\/span><span lang=\"DE\"><a href=\"https:\/\/twitter.com\/privacy\" target=\"_blank\" rel=\"noopener\"><span lang=\"it\">https:\/\/twitter.com\/privacy<\/span><\/a><\/span><span lang=\"it\">.<\/span><\/p>\n<h2>Informativa sulla protezione dei dati per Instagram<\/h2>\n<p><span lang=\"it\">Sulle nostre pagine sono incorporate le funzioni del servizio Instagram. Queste funzioni vengono offerte da Instagram Inc., 1601 Willow Road, Menlo Park, CA, 94025, USA. Se lei ha effettuato l\u2019accesso al suo account Instagram, pu\u00f2 creare un link ai contenuti delle nostre pagine con il suo profilo Instagram, cliccando sul tasto di Instagram. Facendo ci\u00f2, Instagram pu\u00f2 associare la sua visita alle nostre pagine al suo account utente. Avvertiamo che, in qualit\u00e0 di fornitori di queste pagine, non abbiamo alcuna conoscenza del contenuto dei dati trasmessi o del loro utilizzo da parte di Instagram.<\/span><\/p>\n<p><span lang=\"it\">Ulteriori informazioni al riguardo sono disponibili nell\u2019Informativa sulla protezione dei dati di Instagram:<span class=\"apple-converted-space\">\u00a0<\/span><\/span><span lang=\"IT-CH\"><span lang=\"it\"><a href=\"https:\/\/instagram.com\/about\/legal\/privacy\/\" target=\"_blank\" rel=\"noopener\">http:\/\/instagram.com\/about\/legal\/privacy\/<\/a>.<\/span><\/span><\/p>\n<p>&nbsp;<\/p>\n<h2><span lang=\"it\">Informativa sulla protezione dei dati per LinkedIn<\/span><\/h2>\n<p>Questo sito web utilizza le funzioni del network LinkedIn, fornito da LinkedIn Corporation, 2029 Stierlin Court, Mountain View, CA 94043, USA. Ogni volta che lei visita una delle nostre pagine che contiene delle funzioni di LinkedIn, viene stabilita una connessione ai server di LinkedIn. LinkedIn viene informato della sua visita al nostro sito internet con il suo indirizzo IP. Se clicca sul tasto \u201cRecommend\u201d di LinkedIn e accede al suo account LinkedIn, quest\u2019ultimo sar\u00e0 in grado di associare la sua visita al nostro sito internet sia a lei che al suo account utente. Avvertiamo che, in qualit\u00e0 di fornitori di queste pagine, non abbiamo alcuna conoscenza del contenuto dei dati trasmessi o del loro utilizzo da parte di LinkedIn.<br \/>\nUlteriori informazioni a riguardo sono disponibili nell\u2019Informativa sulla protezione dei dati di LinkedIn:\u00a0<a href=\"https:\/\/www.linkedin.com\/legal\/privacy-policy\">https:\/\/www.linkedin.com\/legal\/privacy-policy<\/a>.<\/p>\n<h2>Diritti d\u2019autore<\/h2>\n<p><span lang=\"it\">Il diritto d\u2019autore e ogni altro diritto su contenuti, immagini, foto o altri file pubblicati sul sito sono di esclusiva titolarit\u00e0 del gestore del presente sito web o dei titolari specificatamente indicati. <b>La riproduzione di qualsivoglia file \u00e8 consentita solo previa approvazione scritta da parte dei titolari del diritto d\u2019autore.<\/b><\/span><b><\/b><\/p>\n<p><span lang=\"it\">Chi compie una violazione del diritto d\u2019autore senza il consenso del relativo titolare, pu\u00f2 essere perseguibile ed eventualmente passibile di risarcimento danni.<\/span><\/p>\n<h2><span lang=\"it\">Esclusione generale della responsabilit\u00e0<\/span><\/h2>\n<p>Tutte le informazioni della nostra offerta internet sono state controllate accuratamente. Ci impegniamo affinch\u00e9 le informazioni presentate siano attuali, corrette a livello di contenuti e complete. Tuttavia, il verificarsi di errori non pu\u00f2 essere completamente escluso, per cui non possiamo garantire la completezza, la correttezza e l\u2019attualit\u00e0 delle informazioni, comprese quelle di tipo editoriale-giornalistico. \u00c8 esclusa qualsivoglia rivendicazione di responsabilit\u00e0 per danni materiali o di tipo ideologico derivanti dalle informazioni presentate, nella misura in cui non sussista colpa comprovata per dolo o negligenza.<br \/>\nL\u2019editore pu\u00f2 modificare o cancellare i testi a propria discrezione e senza preavviso e non \u00e8 obbligato ad aggiornare i contenuti di questo sito web. L\u2019uso o l\u2019accesso a questo sito web sono a rischio e pericolo del visitatore. L&#8217;editore, i suoi committenti o partner non sono responsabili per eventuali danni diretti, indiretti, incidentali, determinabili concretamente in anticipo o danni consequenziali, che sono presumibilmente stati causati dalla visita di questo sito web, e pertanto non si assumono alcuna responsabilit\u00e0 a riguardo.<br \/>\nL\u2019editore non si assume inoltre alcuna responsabilit\u00e0 per il contenuto e la disponibilit\u00e0 di siti web di terzi a cui si pu\u00f2 accedere tramite link esterni presenti su questo sito web. Per il contenuto delle pagine a cui si accede tramite link risponde esclusivamente il gestore delle pagine a cui si viene rimandati. L&#8217;editore prende espressamente le distanze da tutti i contenuti di terzi che possano essere rilevanti a livello penale o di responsabilit\u00e0 civile o contrari al buon costume.<\/p>\n<h2>Modifiche<\/h2>\n<p><span lang=\"it\">Possiamo modificare questa Informativa sulla protezione dei dati in qualsiasi momento e senza preavviso. Vige la versione attuale pubblicata sul nostro sito web. Se l\u2019Informativa sulla protezione dei dati fa parte di un accordo con lei, qualora venisse aggiornata, la informeremo della modifica via e-mail o con altri mezzi appropriati.<\/span><\/p>\n<h2><span lang=\"it\">Domande al Responsabile della protezione dei dati<\/span><\/h2>\n<p><span lang=\"it\">In caso di domande sulla protezione dei dati, la preghiamo di inviarci una e-mail o di contattare direttamente la persona responsabile della protezione dei dati della nostra organizzazione, indicata all\u2019inizio della presente Informativa.<\/span><\/p>\n<p>Berne, 01.05.2019<br \/>\nFonts:<span class=\"apple-converted-space\">\u00a0<\/span><a href=\"https:\/\/www.swissanwalt.ch\/\" target=\"_blank\" rel=\"noopener noreferrer\">SwissAnwalt<\/a>[\/vc_column_text][\/vc_column][vc_column width=&#8221;1\/2&#8243;][\/vc_column][\/vc_row][vc_row css_animation=&#8221;&#8221; row_type=&#8221;row&#8221; use_row_as_full_screen_section=&#8221;no&#8221; type=&#8221;full_width&#8221; angled_section=&#8221;no&#8221; text_align=&#8221;left&#8221; background_image_as_pattern=&#8221;without_pattern&#8221;][vc_column][vc_empty_space height=&#8221;64px&#8221;][\/vc_column][\/vc_row]<\/p>\n<\/div>","protected":false},"excerpt":{"rendered":"<p>[vc_row css_animation=&#8221;&#8221; row_type=&#8221;row&#8221; use_row_as_full_screen_section=&#8221;no&#8221; type=&#8221;grid&#8221; angled_section=&#8221;no&#8221; text_align=&#8221;left&#8221; background_image_as_pattern=&#8221;without_pattern&#8221; z_index=&#8221;&#8221;][vc_column width=&#8221;1\/2&#8243;][vc_column_text css=&#8221;&#8221;] Impressum Andrea Arcidiacono lic. oec. HSG Arcidiacono Consulting Partners GmbH Br\u00fcckfeldstrasse 40 CH- 3012 Berna Svizzera &#x61;&#x6e;&#100;r&#x65;&#x61;&#64;ar&#x63;&#x69;&#100;i&#x61;&#x63;&#111;&#110;o&#x2d;&#x63;&#111;n&#x73;&#x75;&#108;&#116;i&#x6e;&#x67;&#46;c&#x68; Telefono + 41 31 301 25 57 Cellulare + 41 79 830 57 44 Numero di identificazione&#8230;<\/p>\n","protected":false},"author":11,"featured_media":0,"parent":0,"menu_order":0,"comment_status":"closed","ping_status":"closed","template":"","meta":{"footnotes":""},"class_list":["post-26510","page","type-page","status-publish","hentry"],"_links":{"self":[{"href":"https:\/\/www.arcidiacono-consulting.ch\/it\/wp-json\/wp\/v2\/pages\/26510","targetHints":{"allow":["GET"]}}],"collection":[{"href":"https:\/\/www.arcidiacono-consulting.ch\/it\/wp-json\/wp\/v2\/pages"}],"about":[{"href":"https:\/\/www.arcidiacono-consulting.ch\/it\/wp-json\/wp\/v2\/types\/page"}],"author":[{"embeddable":true,"href":"https:\/\/www.arcidiacono-consulting.ch\/it\/wp-json\/wp\/v2\/users\/11"}],"replies":[{"embeddable":true,"href":"https:\/\/www.arcidiacono-consulting.ch\/it\/wp-json\/wp\/v2\/comments?post=26510"}],"version-history":[{"count":10,"href":"https:\/\/www.arcidiacono-consulting.ch\/it\/wp-json\/wp\/v2\/pages\/26510\/revisions"}],"predecessor-version":[{"id":29304,"href":"https:\/\/www.arcidiacono-consulting.ch\/it\/wp-json\/wp\/v2\/pages\/26510\/revisions\/29304"}],"wp:attachment":[{"href":"https:\/\/www.arcidiacono-consulting.ch\/it\/wp-json\/wp\/v2\/media?parent=26510"}],"curies":[{"name":"wp","href":"https:\/\/api.w.org\/{rel}","templated":true}]}}